{"id":11,"date":"2011-05-20T17:27:24","date_gmt":"2011-05-20T17:27:24","guid":{"rendered":"http:\/\/fc-hermania.de\/wp\/?page_id=11"},"modified":"2018-05-25T08:46:48","modified_gmt":"2018-05-25T08:46:48","slug":"mannschaft","status":"publish","type":"page","link":"https:\/\/fc-hermania.de\/wp\/?page_id=11","title":{"rendered":"Mannschaften"},"content":{"rendered":"<p>Unsere Mannschaften und Gruppen werden unter den einzelnen Unterpunkten genauer vorgestellt.<\/p>\n<p>&nbsp;<\/p>\n<p>Unserere 1. Mannschaft konnte in der Saison 2010\/11 den Meistertitel erringen und den<br \/>\ndamit verbundenen Aufstieg in die Kreisliga A feiern.<\/p>\n<p>&nbsp;<\/p>\n<p>Die 2. Mannschaft spielt in der Kreisliga C und verf\u00fcgt derzeit meist \u00fcber eine gro\u00dfe Auswahl an<br \/>\nSpielern.<\/p>\n<p>&nbsp;<\/p>\n<p>&nbsp;<\/p>\n","protected":false},"excerpt":{"rendered":"<p>Unsere Mannschaften und Gruppen werden unter den einzelnen Unterpunkten genauer vorgestellt. &nbsp; Unserere 1. Mannschaft konnte in der Saison 2010\/11 den Meistertitel erringen und den damit verbundenen Aufstieg in die Kreisliga A feiern. &nbsp; Die 2. Mannschaft spielt in der &hellip; <a href=\"https:\/\/fc-hermania.de\/wp\/?page_id=11\">Continue reading <span class=\"meta-nav\">&rarr;<\/span><\/a><\/p>\n","protected":false},"author":10,"featured_media":0,"parent":0,"menu_order":5,"comment_status":"open","ping_status":"closed","template":"","meta":{"ngg_post_thumbnail":0,"footnotes":"","_links_to":"","_links_to_target":""},"class_list":["post-11","page","type-page","status-publish","hentry"],"aioseo_notices":[],"_links":{"self":[{"href":"https:\/\/fc-hermania.de\/wp\/index.php?rest_route=\/wp\/v2\/pages\/11","targetHints":{"allow":["GET"]}}],"collection":[{"href":"https:\/\/fc-hermania.de\/wp\/index.php?rest_route=\/wp\/v2\/pages"}],"about":[{"href":"https:\/\/fc-hermania.de\/wp\/index.php?rest_route=\/wp\/v2\/types\/page"}],"author":[{"embeddable":true,"href":"https:\/\/fc-hermania.de\/wp\/index.php?rest_route=\/wp\/v2\/users\/10"}],"replies":[{"embeddable":true,"href":"https:\/\/fc-hermania.de\/wp\/index.php?rest_route=%2Fwp%2Fv2%2Fcomments&post=11"}],"version-history":[{"count":7,"href":"https:\/\/fc-hermania.de\/wp\/index.php?rest_route=\/wp\/v2\/pages\/11\/revisions"}],"predecessor-version":[{"id":2877,"href":"https:\/\/fc-hermania.de\/wp\/index.php?rest_route=\/wp\/v2\/pages\/11\/revisions\/2877"}],"wp:attachment":[{"href":"https:\/\/fc-hermania.de\/wp\/index.php?rest_route=%2Fwp%2Fv2%2Fmedia&parent=11"}],"curies":[{"name":"wp","href":"https:\/\/api.w.org\/{rel}","templated":true}]}}