{"id":140,"date":"2011-06-03T16:06:12","date_gmt":"2011-06-03T16:06:12","guid":{"rendered":"http:\/\/fc-hermania.de\/wp\/?page_id=140"},"modified":"2014-10-31T17:39:05","modified_gmt":"2014-10-31T17:39:05","slug":"d-jugend","status":"publish","type":"page","link":"https:\/\/fc-hermania.de\/wp\/?page_id=140","title":{"rendered":"D-Jugend"},"content":{"rendered":"<p>&nbsp;<\/p>\n<h2>D-Jugend Saison 2014\/2015<\/h2>\n<h2>D9 und D11<\/h2>\n<h2><\/h2>\n<h2><a href=\"http:\/\/fc-hermania.de\/wp\/wp-content\/uploads\/2014\/10\/P1000233.jpg\"><img loading=\"lazy\" decoding=\"async\" class=\"aligncenter size-medium wp-image-2112\" src=\"http:\/\/fc-hermania.de\/wp\/wp-content\/uploads\/2014\/10\/P1000233-300x225.jpg\" alt=\"P1000233\" width=\"300\" height=\"225\" \/><\/a> <a href=\"http:\/\/fc-hermania.de\/wp\/wp-content\/uploads\/2014\/10\/P1000230.jpg\"><img loading=\"lazy\" decoding=\"async\" class=\"aligncenter size-medium wp-image-2111\" src=\"http:\/\/fc-hermania.de\/wp\/wp-content\/uploads\/2014\/10\/P1000230-300x225.jpg\" alt=\"P1000230\" width=\"300\" height=\"225\" \/><\/a><\/h2>\n<p>&nbsp;<\/p>\n<p><strong>Saison 2013\/2014:<\/strong><\/p>\n<p><strong>\u00a0<\/strong><\/p>\n<p>Mit 20 Spielern und Spielerinnen ist die D-Jugend der JSG Sinntal in die Saison 2013\/2014 gestartet. Durch die 5 Spieler der JSG Kinzig, die mit Gastspielrecht zu uns gesto\u00dfen sind, konnte eine D9-Mannschaft in der Kreisliga und eine D7-Mannschaft in der Kreisklasse gemeldet werden.<\/p>\n<p>Mit J\u00fcrgen Reinhardt aus Mottgers konnte eine erfahrener und kompetenter Trainer gewonnen werden. Leider stand f\u00fcr die Saison 2013\/2014 mit Stefan Mohr und Hans-J\u00fcrgen Zeller nur zwei Betreuer f\u00fcr die beiden Mannschaften zur Verf\u00fcgung.<\/p>\n<p>&nbsp;<\/p>\n<p>Die D9 belegte in der Kreisliga zum Saisonende den 6. Platz (von 8) mit 11 Punkten.<\/p>\n<p>3 Siege, 2 Unentschieden und 9 Niederlagen bei 28:45 Toren waren die Ausbeute.<\/p>\n<p>Im Vergleich zur Saison 2012\/2013 schon eine Steigerung. Hier belegte die D-Jgd. abgeschlagen den letzten Platz.<\/p>\n<p>&nbsp;<\/p>\n<p>Die D7 belegte in der Kreisklasse zum Saisonende den 3. Platz (von 10) mit 33 Punkten.<\/p>\n<p>11 Siege, 0 Unentschieden und 7 Niederlagen bei 58:43 Toren waren hier die Ausbeute.<\/p>\n<p>Somit wurde die D7-Mannschaft <strong>VIZEMEISTER<\/strong> und <strong>D7-KREISPOKALSIEGER<\/strong>!!<\/p>\n<p>Im Endspiel besiegten wir am 24.06.2014 die JSG Bad Soden-Salm\u00fcnster in einem dramatischen Elfmeterschie\u00dfen. Der Endstand nach regul\u00e4rer Spielzeit und Verl\u00e4ngerung war 1:1. Im Elfmeterschie\u00dfen waren wir mit 4:2 siegreich.<br \/>\n<a href=\"http:\/\/fc-hermania.de\/wp\/wp-content\/uploads\/2014\/10\/D_Jugend7.jpg\"><img loading=\"lazy\" decoding=\"async\" class=\"aligncenter size-medium wp-image-2143\" src=\"http:\/\/fc-hermania.de\/wp\/wp-content\/uploads\/2014\/10\/D_Jugend7-300x225.jpg\" alt=\"D_Jugend7\" width=\"300\" height=\"225\" srcset=\"https:\/\/fc-hermania.de\/wp\/wp-content\/uploads\/2014\/10\/D_Jugend7-300x225.jpg 300w, https:\/\/fc-hermania.de\/wp\/wp-content\/uploads\/2014\/10\/D_Jugend7.jpg 600w\" sizes=\"auto, (max-width: 300px) 100vw, 300px\" \/><br \/>\n<img loading=\"lazy\" decoding=\"async\" class=\"aligncenter size-medium wp-image-2144\" src=\"http:\/\/fc-hermania.de\/wp\/wp-content\/uploads\/2014\/10\/D_Jugend8-225x300.jpg\" alt=\"D_Jugend8\" width=\"225\" height=\"300\" srcset=\"https:\/\/fc-hermania.de\/wp\/wp-content\/uploads\/2014\/10\/D_Jugend8-225x300.jpg 225w, https:\/\/fc-hermania.de\/wp\/wp-content\/uploads\/2014\/10\/D_Jugend8.jpg 450w\" sizes=\"auto, (max-width: 225px) 100vw, 225px\" \/><\/a><\/p>\n<p>&nbsp;<\/p>\n<p>Bei den Kreishallenmeisterschaften sind wir mit 3 Mannschaften angetreten. Eine Mannschaft schaffte es mit Unterst\u00fctzung einiger E-Jgd.-Spieler sich f\u00fcr das Masters in Freiensteinau zu qualifizieren. Dort erreichten wir dann hinter Freiensteinau, Bad Soden-Salm\u00fcnster und Steinau den 4. Platz.<\/p>\n<p><img loading=\"lazy\" decoding=\"async\" class=\"aligncenter size-medium wp-image-2141\" src=\"http:\/\/fc-hermania.de\/wp\/wp-content\/uploads\/2014\/10\/D_Jugend5-300x225.jpg\" alt=\"D_Jugend5\" width=\"300\" height=\"225\" srcset=\"https:\/\/fc-hermania.de\/wp\/wp-content\/uploads\/2014\/10\/D_Jugend5-300x225.jpg 300w, https:\/\/fc-hermania.de\/wp\/wp-content\/uploads\/2014\/10\/D_Jugend5.jpg 600w\" sizes=\"auto, (max-width: 300px) 100vw, 300px\" \/><\/p>\n<p>Insgesamt wurden in der Saison 68 Trainingseinheiten angeboten.<br \/>\nDie Trainingsflei\u00dfigsten waren:<\/p>\n<ul>\n<li>Joy Luca Jordan mit 57 mal<\/li>\n<li>Julius Kirchner mit 52 mal<\/li>\n<li>Morris Mohr mit 50 mal<\/li>\n<\/ul>\n<p><strong><a href=\"http:\/\/fc-hermania.de\/wp\/wp-content\/uploads\/2014\/10\/D_Jugend2.jpg\"><img loading=\"lazy\" decoding=\"async\" class=\"aligncenter size-medium wp-image-2138\" src=\"http:\/\/fc-hermania.de\/wp\/wp-content\/uploads\/2014\/10\/D_Jugend2-300x225.jpg\" alt=\"D_Jugend2\" width=\"300\" height=\"225\" srcset=\"https:\/\/fc-hermania.de\/wp\/wp-content\/uploads\/2014\/10\/D_Jugend2-300x225.jpg 300w, https:\/\/fc-hermania.de\/wp\/wp-content\/uploads\/2014\/10\/D_Jugend2.jpg 600w\" sizes=\"auto, (max-width: 300px) 100vw, 300px\" \/><\/a><\/strong><\/p>\n<p>Die besten Torsch\u00fctzen waren:<br \/>\n\u2022 Julius Kirchner 25 Treffer<br \/>\n\u2022 Leon Fehl 18 Treffer<br \/>\n\u2022 Bastian Heil 15 Treffer<\/p>\n<p><a href=\"http:\/\/fc-hermania.de\/wp\/wp-content\/uploads\/2014\/10\/D_Jugend1.jpg\"><img loading=\"lazy\" decoding=\"async\" class=\"aligncenter size-medium wp-image-2137\" src=\"http:\/\/fc-hermania.de\/wp\/wp-content\/uploads\/2014\/10\/D_Jugend1-300x225.jpg\" alt=\"D_Jugend1\" width=\"300\" height=\"225\" srcset=\"https:\/\/fc-hermania.de\/wp\/wp-content\/uploads\/2014\/10\/D_Jugend1-300x225.jpg 300w, https:\/\/fc-hermania.de\/wp\/wp-content\/uploads\/2014\/10\/D_Jugend1.jpg 600w\" sizes=\"auto, (max-width: 300px) 100vw, 300px\" \/><\/a><\/p>\n<p>Weiterhin nahm die Mannschaft gemeinsam mit der E-Jgd. am Danone-Cup in Oberthulba teil. Zus\u00e4tzlich fand je eine Trainingseinheit mit dem DFB-Mobil auf dem Platz und in der Halle statt. Unter Leitung von Trainer J\u00fcrgen Reinhardt findet in Kooperation mit der Grundschule Mottgers jeden Freitag eine Ball-AG statt. Am 23.02.2014 besuchten wir das Bundesligaspiel Eintracht Frankfurt gegen Werder Bremen.<\/p>\n<p><a href=\"http:\/\/fc-hermania.de\/wp\/wp-content\/uploads\/2014\/10\/D_Jugend6.jpg\"><img loading=\"lazy\" decoding=\"async\" class=\"aligncenter size-medium wp-image-2142\" src=\"http:\/\/fc-hermania.de\/wp\/wp-content\/uploads\/2014\/10\/D_Jugend6-300x225.jpg\" alt=\"D_Jugend6\" width=\"300\" height=\"225\" srcset=\"https:\/\/fc-hermania.de\/wp\/wp-content\/uploads\/2014\/10\/D_Jugend6-300x225.jpg 300w, https:\/\/fc-hermania.de\/wp\/wp-content\/uploads\/2014\/10\/D_Jugend6.jpg 600w\" sizes=\"auto, (max-width: 300px) 100vw, 300px\" \/><\/a><\/p>\n<p>Leider haben w\u00e4hrend der Saison mit Rebecca Noll (Oberzell), Jakob Schreiner (Z\u00fcntersbach) und Marlon H\u00f6lzer (Oberzell) drei Spieler\/innen aufgeh\u00f6rt.<br \/>\nDer geb\u00fchrende Saisonabschluss fand dann nach einer Kanufahrt von Hammelburg bis zur Rossm\u00fchle zusammen mit den zahlreich erschienenen Eltern auf der Rossm\u00fchle bei Gr\u00e4fendorf statt. Hierbei erhielten alle Spieler Erinnerungsfotos der Saison und die drei \u201eTorj\u00e4ger\u201c und die \u201eTrainingsflei\u00dfigsten\u201c erhielten Pr\u00e4sente.<\/p>\n<p><a href=\"http:\/\/fc-hermania.de\/wp\/wp-content\/uploads\/2014\/10\/D_Jugend4.jpg\"><img loading=\"lazy\" decoding=\"async\" class=\"aligncenter size-medium wp-image-2140\" src=\"http:\/\/fc-hermania.de\/wp\/wp-content\/uploads\/2014\/10\/D_Jugend4-300x225.jpg\" alt=\"D_Jugend4\" width=\"300\" height=\"225\" srcset=\"https:\/\/fc-hermania.de\/wp\/wp-content\/uploads\/2014\/10\/D_Jugend4-300x225.jpg 300w, https:\/\/fc-hermania.de\/wp\/wp-content\/uploads\/2014\/10\/D_Jugend4.jpg 600w\" sizes=\"auto, (max-width: 300px) 100vw, 300px\" \/><\/a><\/p>\n<p><strong>\u00a0<\/strong>Weiterhin wurden den Spielern, die die D-Jgd. aus Altersgr\u00fcnden Richtung C-Jgd. verlassen, Abschiedsgeschenke \u00fcberreicht.<\/p>\n<p>&nbsp;<\/p>\n<p><strong><a href=\"http:\/\/fc-hermania.de\/wp\/wp-content\/uploads\/2014\/10\/D_Jugend3.jpg\"><img loading=\"lazy\" decoding=\"async\" class=\"aligncenter size-medium wp-image-2139\" src=\"http:\/\/fc-hermania.de\/wp\/wp-content\/uploads\/2014\/10\/D_Jugend3-300x225.jpg\" alt=\"D_Jugend3\" width=\"300\" height=\"225\" srcset=\"https:\/\/fc-hermania.de\/wp\/wp-content\/uploads\/2014\/10\/D_Jugend3-300x225.jpg 300w, https:\/\/fc-hermania.de\/wp\/wp-content\/uploads\/2014\/10\/D_Jugend3.jpg 600w\" sizes=\"auto, (max-width: 300px) 100vw, 300px\" \/><\/a><\/strong><\/p>\n<p><strong>\u00a0<\/strong><\/p>\n<p><strong>PS: F\u00fcr die neue Saison werden noch Sponsoren f\u00fcr einen Satz Trikots f\u00fcr die D-Jgd.-mannschaft gesucht!!! <\/strong><\/p>\n<p><strong>\u00a0<\/strong><\/p>\n<p><strong>Saison 2014\/2015:<\/strong><\/p>\n<p>Durch den Zusammenschluss aller Jugendmannschaften von 8 Sinntaler Ortsteilen (au\u00dfer Altengronau und Jossa) zur <strong>JSG Sinntal<\/strong> sind mittlerweile 30 M\u00e4dchen und Jungs in der D-Jugend angekommen.<\/p>\n<p>Trainer ist weiterhin:\u00a0\u00a0\u00a0\u00a0\u00a0\u00a0\u00a0\u00a0\u00a0\u00a0\u00a0\u00a0\u00a0\u00a0\u00a0\u00a0\u00a0\u00a0 J\u00fcrgen Reinhardt<br \/>\nCo-Trainer und Betreuer D7: \u00a0 \u00a0 Harald Schneider<br \/>\nBetreuer D7:\u00a0\u00a0\u00a0\u00a0\u00a0\u00a0\u00a0\u00a0\u00a0\u00a0\u00a0\u00a0\u00a0\u00a0\u00a0\u00a0\u00a0\u00a0\u00a0\u00a0\u00a0\u00a0\u00a0\u00a0\u00a0 \u00a0 \u00a0 \u00a0 \u00a0 Fabian Koschella<br \/>\nBetreuer D9:\u00a0\u00a0\u00a0\u00a0\u00a0\u00a0\u00a0\u00a0\u00a0\u00a0\u00a0\u00a0\u00a0\u00a0\u00a0\u00a0\u00a0\u00a0\u00a0\u00a0\u00a0\u00a0\u00a0\u00a0\u00a0 \u00a0 \u00a0 \u00a0 \u00a0 Stefan Mohr<br \/>\nBetreuer D9:\u00a0\u00a0 \u00a0\u00a0\u00a0\u00a0\u00a0\u00a0\u00a0\u00a0\u00a0\u00a0\u00a0\u00a0\u00a0\u00a0\u00a0\u00a0\u00a0\u00a0\u00a0\u00a0\u00a0 \u00a0 \u00a0 \u00a0 \u00a0\u00a0 Hans-J\u00fcrgen Zeller<\/p>\n<p>&nbsp;<\/p>\n<p>Das Training finden i.d.Regel Dienstags um 17.00 Uhr in Mottgers statt.<\/p>\n<p>Die Spiele der D9-Mannschaft sind i.d.R. freitags um 18.00 Uhr.<\/p>\n<p>Die Spiele der D7-Mannschaft sind i.d.R. sonntags um 10.30 Uhr.<\/p>\n<p>Die Heimspiele beider Mannschaften finden auch in Mottgers statt.<\/p>\n<p>Wie in der Saison 2013\/2014 haben wir eine D9-Mannschaft in der Kreisliga und eine D7-Mannschaft in der Kreisklasse gemeldet.<\/p>\n<p>Die derzeitigen Ergebnisse k\u00f6nnen sich sehen lassen.<\/p>\n<p>Alles weitere unter <a href=\"http:\/\/www.fussball.de\/\">www.fussball.de<\/a><\/p>\n<p>&nbsp;<\/p>\n<p>Hans-J\u00fcrgen Zeller\u00a0\u00a0\u00a0\u00a0\u00a0\u00a0\u00a0\u00a0\u00a0\u00a0\u00a0\u00a0\u00a0\u00a0\u00a0\u00a0\u00a0\u00a0\u00a0\u00a0\u00a0\u00a0\u00a0\u00a0\u00a0\u00a0 \u00a0 \u00a0 \u00a0 \u00a0\u00a0\u00a0\u00a0\u00a0\u00a0\u00a0\u00a0\u00a0\u00a0\u00a0\u00a0\u00a0\u00a0\u00a0\u00a0\u00a0\u00a0\u00a0\u00a0\u00a0\u00a0\u00a0\u00a0\u00a0\u00a0\u00a0 \u00a0\u00a0\u00a0\u00a0\u00a0 J\u00fcrgen Reinhardt\u00a0\u00a0\u00a0\u00a0\u00a0\u00a0\u00a0\u00a0\u00a0\u00a0\u00a0\u00a0\u00a0\u00a0\u00a0\u00a0\u00a0\u00a0\u00a0\u00a0\u00a0\u00a0\u00a0\u00a0\u00a0\u00a0\u00a0\u00a0\u00a0\u00a0\u00a0\u00a0\u00a0\u00a0 <span style=\"color: #0000ff;\"><br \/>\n<\/span>06664-919360\u00a0\u00a0\u00a0\u00a0\u00a0\u00a0\u00a0\u00a0\u00a0\u00a0\u00a0\u00a0\u00a0\u00a0\u00a0\u00a0\u00a0\u00a0\u00a0\u00a0\u00a0\u00a0\u00a0\u00a0\u00a0\u00a0 \u00a0\u00a0\u00a0\u00a0\u00a0\u00a0\u00a0 \u00a0\u00a0\u00a0\u00a0\u00a0\u00a0\u00a0\u00a0\u00a0\u00a0\u00a0\u00a0\u00a0\u00a0\u00a0\u00a0\u00a0\u00a0\u00a0\u00a0\u00a0\u00a0\u00a0\u00a0\u00a0\u00a0\u00a0\u00a0\u00a0\u00a0\u00a0\u00a0\u00a0\u00a0\u00a0\u00a0\u00a0\u00a0 06664-919103\u00a0\u00a0\u00a0\u00a0\u00a0\u00a0\u00a0\u00a0\u00a0\u00a0\u00a0\u00a0\u00a0\u00a0\u00a0\u00a0\u00a0\u00a0\u00a0\u00a0\u00a0\u00a0\u00a0\u00a0\u00a0\u00a0\u00a0\u00a0\u00a0\u00a0\u00a0\u00a0\u00a0\u00a0\u00a0\u00a0\u00a0\u00a0\u00a0 <span style=\"color: #0000ff;\"><br \/>\n<\/span>0173-3201047\u00a0\u00a0\u00a0\u00a0\u00a0\u00a0\u00a0\u00a0\u00a0\u00a0\u00a0\u00a0\u00a0\u00a0\u00a0\u00a0\u00a0\u00a0\u00a0\u00a0\u00a0\u00a0 \u00a0\u00a0\u00a0\u00a0\u00a0\u00a0\u00a0\u00a0\u00a0\u00a0\u00a0\u00a0\u00a0\u00a0\u00a0\u00a0\u00a0\u00a0\u00a0\u00a0\u00a0\u00a0\u00a0\u00a0 \u00a0\u00a0\u00a0\u00a0\u00a0\u00a0\u00a0\u00a0\u00a0\u00a0\u00a0\u00a0\u00a0\u00a0\u00a0\u00a0\u00a0\u00a0\u00a0\u00a0\u00a0\u00a0\u00a0\u00a0\u00a0 0151-26600169\u00a0\u00a0\u00a0\u00a0\u00a0\u00a0\u00a0\u00a0\u00a0\u00a0\u00a0\u00a0\u00a0\u00a0\u00a0\u00a0\u00a0\u00a0\u00a0\u00a0\u00a0\u00a0\u00a0\u00a0\u00a0\u00a0\u00a0\u00a0\u00a0\u00a0\u00a0\u00a0\u00a0\u00a0\u00a0\u00a0\u00a0 <span style=\"color: #0000ff;\"><br \/>\n<\/span>zeller.kirchner@t-online.de\u00a0\u00a0\u00a0\u00a0\u00a0\u00a0\u00a0\u00a0\u00a0\u00a0\u00a0\u00a0\u00a0\u00a0\u00a0\u00a0\u00a0 \u00a0 \u00a0 \u00a0 \u00a0 \u00a0 \u00a0 \u00a0 \u00a0 \u00a0 \u00a0 \u00a0 \u00a0 \u00a0 \u00a0 \u00a0 \u00a0 \u00a0\u00a0\u00a0 juergen@maedchenfussball.org\u00a0\u00a0\u00a0 \u00a0\u00a0\u00a0 <span style=\"color: #0000ff;\"><br \/>\n<\/span>Betreuer D1 Mannschaft\u00a0\u00a0\u00a0\u00a0\u00a0\u00a0\u00a0\u00a0\u00a0\u00a0\u00a0\u00a0\u00a0\u00a0\u00a0\u00a0\u00a0\u00a0\u00a0\u00a0\u00a0\u00a0\u00a0\u00a0\u00a0\u00a0\u00a0\u00a0\u00a0\u00a0\u00a0\u00a0\u00a0\u00a0\u00a0\u00a0\u00a0\u00a0\u00a0\u00a0\u00a0\u00a0\u00a0\u00a0\u00a0\u00a0\u00a0\u00a0\u00a0\u00a0\u00a0\u00a0\u00a0\u00a0\u00a0\u00a0 Trainer\/Betreuer\u00a0 D-Jugend<\/p>\n<p>&nbsp;<\/p>\n<p>Stefan Mohr\u00a0\u00a0\u00a0\u00a0\u00a0\u00a0\u00a0\u00a0\u00a0\u00a0\u00a0\u00a0\u00a0\u00a0\u00a0\u00a0\u00a0\u00a0\u00a0\u00a0\u00a0\u00a0\u00a0\u00a0\u00a0\u00a0\u00a0\u00a0\u00a0\u00a0\u00a0\u00a0\u00a0\u00a0\u00a0\u00a0\u00a0\u00a0\u00a0\u00a0\u00a0\u00a0\u00a0\u00a0\u00a0\u00a0\u00a0\u00a0\u00a0\u00a0\u00a0\u00a0\u00a0\u00a0\u00a0\u00a0\u00a0\u00a0\u00a0\u00a0\u00a0\u00a0\u00a0\u00a0\u00a0\u00a0\u00a0\u00a0\u00a0\u00a0\u00a0\u00a0\u00a0\u00a0\u00a0\u00a0 Fabian Koschella<br \/>\n06664-6822\u00a0\u00a0\u00a0\u00a0\u00a0\u00a0\u00a0\u00a0\u00a0\u00a0\u00a0\u00a0\u00a0\u00a0\u00a0\u00a0\u00a0\u00a0\u00a0\u00a0\u00a0\u00a0\u00a0\u00a0\u00a0\u00a0\u00a0\u00a0\u00a0\u00a0\u00a0\u00a0\u00a0\u00a0\u00a0\u00a0\u00a0\u00a0\u00a0\u00a0\u00a0\u00a0\u00a0\u00a0\u00a0\u00a0\u00a0\u00a0\u00a0\u00a0\u00a0\u00a0\u00a0\u00a0\u00a0\u00a0\u00a0\u00a0\u00a0\u00a0\u00a0\u00a0\u00a0\u00a0\u00a0\u00a0\u00a0\u00a0\u00a0\u00a0\u00a0\u00a0\u00a0\u00a0\u00a0\u00a0 06664-6438<br \/>\n0176-10342635\u00a0\u00a0\u00a0\u00a0\u00a0\u00a0\u00a0\u00a0\u00a0\u00a0\u00a0\u00a0\u00a0\u00a0\u00a0\u00a0\u00a0\u00a0\u00a0\u00a0\u00a0\u00a0\u00a0\u00a0\u00a0\u00a0\u00a0\u00a0\u00a0\u00a0\u00a0\u00a0\u00a0\u00a0\u00a0\u00a0\u00a0\u00a0\u00a0\u00a0\u00a0\u00a0\u00a0\u00a0\u00a0\u00a0\u00a0\u00a0\u00a0\u00a0\u00a0\u00a0\u00a0\u00a0\u00a0\u00a0\u00a0\u00a0\u00a0\u00a0\u00a0\u00a0\u00a0\u00a0\u00a0\u00a0\u00a0\u00a0\u00a0\u00a0 0171-6973662<br \/>\nmohrs11@yahoo.de\u00a0\u00a0\u00a0\u00a0\u00a0\u00a0\u00a0\u00a0\u00a0\u00a0\u00a0\u00a0\u00a0\u00a0\u00a0\u00a0\u00a0\u00a0\u00a0\u00a0\u00a0\u00a0\u00a0\u00a0\u00a0\u00a0\u00a0\u00a0\u00a0\u00a0\u00a0\u00a0\u00a0\u00a0\u00a0\u00a0\u00a0\u00a0\u00a0\u00a0\u00a0\u00a0\u00a0\u00a0\u00a0\u00a0\u00a0\u00a0\u00a0\u00a0\u00a0\u00a0\u00a0\u00a0\u00a0\u00a0\u00a0\u00a0\u00a0\u00a0\u00a0\u00a0\u00a0 fabian_koschella@gmx.de<br \/>\nBetreuer D1 Mannschaft\u00a0\u00a0\u00a0\u00a0\u00a0\u00a0\u00a0\u00a0\u00a0\u00a0\u00a0\u00a0\u00a0\u00a0\u00a0\u00a0\u00a0\u00a0\u00a0\u00a0\u00a0\u00a0\u00a0\u00a0\u00a0\u00a0\u00a0\u00a0\u00a0\u00a0\u00a0\u00a0\u00a0\u00a0\u00a0\u00a0\u00a0\u00a0\u00a0\u00a0\u00a0\u00a0\u00a0\u00a0\u00a0\u00a0\u00a0\u00a0\u00a0\u00a0\u00a0\u00a0\u00a0\u00a0\u00a0\u00a0 Betreuer D 2 Mannschaft<\/p>\n<p>&nbsp;<\/p>\n<p>Harald Schneider<br \/>\n06664-402145<br \/>\n0176-56942010<br \/>\nharald190873@web.de<br \/>\nBetreuer D 2 Mannschaft<\/p>\n<p><span style=\"color: #0000ff;\">\u00a0<\/span><\/p>\n","protected":false},"excerpt":{"rendered":"<p>&nbsp; D-Jugend Saison 2014\/2015 D9 und D11 &nbsp; Saison 2013\/2014: \u00a0 Mit 20 Spielern und Spielerinnen ist die D-Jugend der JSG Sinntal in die Saison 2013\/2014 gestartet. Durch die 5 Spieler der JSG Kinzig, die mit Gastspielrecht zu uns gesto\u00dfen &hellip; <a href=\"https:\/\/fc-hermania.de\/wp\/?page_id=140\">Continue reading <span class=\"meta-nav\">&rarr;<\/span><\/a><\/p>\n","protected":false},"author":10,"featured_media":0,"parent":152,"menu_order":4,"comment_status":"open","ping_status":"closed","template":"","meta":{"ngg_post_thumbnail":0,"footnotes":"","_links_to":"","_links_to_target":""},"class_list":["post-140","page","type-page","status-publish","hentry"],"aioseo_notices":[],"_links":{"self":[{"href":"https:\/\/fc-hermania.de\/wp\/index.php?rest_route=\/wp\/v2\/pages\/140","targetHints":{"allow":["GET"]}}],"collection":[{"href":"https:\/\/fc-hermania.de\/wp\/index.php?rest_route=\/wp\/v2\/pages"}],"about":[{"href":"https:\/\/fc-hermania.de\/wp\/index.php?rest_route=\/wp\/v2\/types\/page"}],"author":[{"embeddable":true,"href":"https:\/\/fc-hermania.de\/wp\/index.php?rest_route=\/wp\/v2\/users\/10"}],"replies":[{"embeddable":true,"href":"https:\/\/fc-hermania.de\/wp\/index.php?rest_route=%2Fwp%2Fv2%2Fcomments&post=140"}],"version-history":[{"count":23,"href":"https:\/\/fc-hermania.de\/wp\/index.php?rest_route=\/wp\/v2\/pages\/140\/revisions"}],"predecessor-version":[{"id":2146,"href":"https:\/\/fc-hermania.de\/wp\/index.php?rest_route=\/wp\/v2\/pages\/140\/revisions\/2146"}],"up":[{"embeddable":true,"href":"https:\/\/fc-hermania.de\/wp\/index.php?rest_route=\/wp\/v2\/pages\/152"}],"wp:attachment":[{"href":"https:\/\/fc-hermania.de\/wp\/index.php?rest_route=%2Fwp%2Fv2%2Fmedia&parent=140"}],"curies":[{"name":"wp","href":"https:\/\/api.w.org\/{rel}","templated":true}]}}