{"id":152,"date":"2011-06-03T16:17:15","date_gmt":"2011-06-03T16:17:15","guid":{"rendered":"http:\/\/fc-hermania.de\/wp\/?page_id=152"},"modified":"2018-05-25T08:49:49","modified_gmt":"2018-05-25T08:49:49","slug":"jugendfusball","status":"publish","type":"page","link":"https:\/\/fc-hermania.de\/wp\/?page_id=152","title":{"rendered":"Jugendfu\u00dfball"},"content":{"rendered":"<p>Auf den folgenden Seiten m\u00f6chten wir die Jugendmannschaften der JSG Sinntal vorstellen und die Arbeit unserer Jugendbetreuer lobend in den Mittelpunkt stellen. Ohne eine gut organisierte Jugendarbeit ist der Spielbetrieb in Fu\u00dfballvereinen kleinerer Orte, wie denen in Sinntal, fast nicht mehr aufrecht zu halten. Durch eine engagierte Jugendarbeit k\u00f6nnen immer wieder neue Spieler in die Seniorenmannschaften rekrutiert werden. Daher an dieser Stelle ein gro\u00dfes Lob und Danke an alle ehrenamtliche Jugendbetreuer in unserem Verein, die viel Zeit in den Jugendfu\u00dfball investieren! Seit der Saison 2010\/2011 spielen die Kinder des FC Hermania Mottgers in der JSG Sinntal. Dadurch k\u00f6nnen wir f\u00fcr alle Altersgruppen Mannschaften anbieten. Seit der Saison 2014\/2015 wurde die JSG Sinntal\u00a0 und die JSG Kinzig zur &#8222;grossen&#8220;JSG Sinntal erweitert.<\/p>\n<p>Die JSG Sinntal besteht nun aus folgenden Vereinen:<\/p>\n<p>TSV Rh\u00f6nadler Schwarzenfels &#8211; Jugendleiterin Anette Andres<\/p>\n<p>TSV Weichersbach &#8211; Jugendleiter Maria Deuker<\/p>\n<p>TSV Oberzell &#8211; Jugendleiter Hans M\u00fcller<\/p>\n<p>TSG Z\u00fcntersbach &#8211; Jugendleiter<\/p>\n<p>FC Mottgers\u00a0-Jugendleiter<\/p>\n<p>SG Sterbfritz-Jugendleiter Gerhard Strott<\/p>\n<p>SV Sannerz-Jugendleiter Alexander Schirmer<\/p>\n<p>SG Weiperz-Jugendleiter Thomas Kraft\u00a0\u00a0\u00a0\u00a0\u00a0\u00a0\u00a0\u00a0\u00a0\u00a0\u00a0\u00a0\u00a0\u00a0\u00a0\u00a0\u00a0\u00a0\u00a0\u00a0\u00a0\u00a0\u00a0\u00a0\u00a0\u00a0\u00a0\u00a0\u00a0\u00a0\u00a0\u00a0\u00a0\u00a0\u00a0\u00a0\u00a0\u00a0\u00a0\u00a0\u00a0\u00a0\u00a0\u00a0\u00a0\u00a0\u00a0\u00a0\u00a0\u00a0\u00a0\u00a0\u00a0\u00a0\u00a0\u00a0\u00a0\u00a0\u00a0\u00a0\u00a0\u00a0\u00a0\u00a0\u00a0\u00a0\u00a0\u00a0\u00a0\u00a0\u00a0\u00a0\u00a0\u00a0\u00a0\u00a0\u00a0\u00a0\u00a0\u00a0\u00a0\u00a0\u00a0\u00a0\u00a0\u00a0\u00a0\u00a0\u00a0\u00a0\u00a0\u00a0\u00a0\u00a0\u00a0\u00a0\u00a0\u00a0\u00a0\u00a0\u00a0\u00a0\u00a0\u00a0\u00a0\u00a0\u00a0\u00a0\u00a0\u00a0\u00a0\u00a0\u00a0\u00a0\u00a0\u00a0\u00a0\u00a0\u00a0\u00a0\u00a0\u00a0\u00a0\u00a0\u00a0\u00a0\u00a0\u00a0\u00a0\u00a0\u00a0\u00a0\u00a0\u00a0\u00a0\u00a0\u00a0\u00a0\u00a0\u00a0\u00a0\u00a0\u00a0\u00a0\u00a0\u00a0\u00a0\u00a0\u00a0\u00a0\u00a0\u00a0\u00a0\u00a0\u00a0\u00a0\u00a0\u00a0\u00a0\u00a0\u00a0\u00a0\u00a0\u00a0\u00a0\u00a0\u00a0\u00a0\u00a0\u00a0\u00a0\u00a0\u00a0\u00a0\u00a0\u00a0\u00a0\u00a0\u00a0\u00a0\u00a0\u00a0\u00a0\u00a0\u00a0\u00a0\u00a0\u00a0\u00a0\u00a0\u00a0\u00a0\u00a0\u00a0\u00a0\u00a0\u00a0\u00a0\u00a0\u00a0\u00a0\u00a0\u00a0\u00a0\u00a0\u00a0\u00a0\u00a0 DFB Sportabzeichen 2012<a href=\"http:\/\/fc-hermania.de\/wp\/wp-content\/uploads\/2011\/06\/DSC02585.jpg\"><img loading=\"lazy\" decoding=\"async\" class=\"aligncenter size-medium wp-image-1502\" src=\"http:\/\/fc-hermania.de\/wp\/wp-content\/uploads\/2011\/06\/DSC02585-300x199.jpg\" alt=\"\" width=\"300\" height=\"199\" \/><\/a><\/p>\n","protected":false},"excerpt":{"rendered":"<p>Auf den folgenden Seiten m\u00f6chten wir die Jugendmannschaften der JSG Sinntal vorstellen und die Arbeit unserer Jugendbetreuer lobend in den Mittelpunkt stellen. Ohne eine gut organisierte Jugendarbeit ist der Spielbetrieb in Fu\u00dfballvereinen kleinerer Orte, wie denen in Sinntal, fast nicht &hellip; <a href=\"https:\/\/fc-hermania.de\/wp\/?page_id=152\">Continue reading <span class=\"meta-nav\">&rarr;<\/span><\/a><\/p>\n","protected":false},"author":10,"featured_media":0,"parent":11,"menu_order":6,"comment_status":"open","ping_status":"closed","template":"","meta":{"ngg_post_thumbnail":0,"footnotes":"","_links_to":"","_links_to_target":""},"class_list":["post-152","page","type-page","status-publish","hentry"],"aioseo_notices":[],"_links":{"self":[{"href":"https:\/\/fc-hermania.de\/wp\/index.php?rest_route=\/wp\/v2\/pages\/152","targetHints":{"allow":["GET"]}}],"collection":[{"href":"https:\/\/fc-hermania.de\/wp\/index.php?rest_route=\/wp\/v2\/pages"}],"about":[{"href":"https:\/\/fc-hermania.de\/wp\/index.php?rest_route=\/wp\/v2\/types\/page"}],"author":[{"embeddable":true,"href":"https:\/\/fc-hermania.de\/wp\/index.php?rest_route=\/wp\/v2\/users\/10"}],"replies":[{"embeddable":true,"href":"https:\/\/fc-hermania.de\/wp\/index.php?rest_route=%2Fwp%2Fv2%2Fcomments&post=152"}],"version-history":[{"count":22,"href":"https:\/\/fc-hermania.de\/wp\/index.php?rest_route=\/wp\/v2\/pages\/152\/revisions"}],"predecessor-version":[{"id":2134,"href":"https:\/\/fc-hermania.de\/wp\/index.php?rest_route=\/wp\/v2\/pages\/152\/revisions\/2134"}],"up":[{"embeddable":true,"href":"https:\/\/fc-hermania.de\/wp\/index.php?rest_route=\/wp\/v2\/pages\/11"}],"wp:attachment":[{"href":"https:\/\/fc-hermania.de\/wp\/index.php?rest_route=%2Fwp%2Fv2%2Fmedia&parent=152"}],"curies":[{"name":"wp","href":"https:\/\/api.w.org\/{rel}","templated":true}]}}