{"id":19,"date":"2011-05-20T17:28:03","date_gmt":"2011-05-20T17:28:03","guid":{"rendered":"http:\/\/fc-hermania.de\/wp\/?page_id=19"},"modified":"2025-07-22T19:27:20","modified_gmt":"2025-07-22T19:27:20","slug":"kontakt","status":"publish","type":"page","link":"https:\/\/fc-hermania.de\/wp\/?page_id=19","title":{"rendered":"Kontakt"},"content":{"rendered":"<p><span style=\"color: #000000;\"><strong>Vorstandssprecher:<\/strong><\/span><\/p>\n<p><span style=\"color: #000000;\">Hendrik M\u00fcller<\/span><\/p>\n<p><span style=\"color: #000000;\">Hauptstra\u00dfe 21<\/span><\/p>\n<p><span style=\"color: #000000;\">36391 Sinntal Mottgers<\/span><\/p>\n<p><span style=\"color: #000000;\">Telefon: 0160-5629667<\/span><\/p>\n<p>&nbsp;<\/p>\n<p><span style=\"color: #000000;\"><b>Abteilungsleiter Fussball:<\/b><\/span><\/p>\n<p><span style=\"color: #000000;\">Jannik Kirchner&nbsp;<\/span><\/p>\n<p><span style=\"color: #000000;\">0151-19345882<\/span><\/p>\n<p>&nbsp;<\/p>\n<p><span style=\"color: #000000;\"><strong>Stellvertr. Abteilungsleiter Fussball<\/strong><\/span><\/p>\n<p><span style=\"color: #000000;\">Benjamin Eiring<\/span><\/p>\n<p><span style=\"color: #000000;\">0162-4359836<\/span><\/p>\n<p>&nbsp;<\/p>\n<p><span style=\"color: #000000;\"><strong>Jugendleiter:<\/strong><\/span><\/p>\n<p><span style=\"color: #000000;\">Patrick Sch\u00e4fer<\/span><\/p>\n<p><span style=\"color: #000000;\">0151-26665979<\/span><\/p>\n<p>&nbsp;<\/p>\n<p><span style=\"color: #000000;\"><strong>Schriftf\u00fchrer<\/strong><\/span><\/p>\n<p><span style=\"color: #000000;\">S\u00f6ren Steffentorweihen<\/span><\/p>\n<p>&nbsp;<\/p>\n<p><span style=\"color: #000000;\"><strong>Emailkontakt Vorstand<\/strong><\/span><br \/>\n<span style=\"color: #000000;\">fcmottgers@gmx.de<\/span><\/p>\n<p>&nbsp;<\/p>\n<p><span style=\"color: #000000;\"><strong>Telefon im Vereinsheim<\/strong> 06664 266<\/span><\/p>\n<p>&nbsp;<\/p>\n","protected":false},"excerpt":{"rendered":"<p>Vorstandssprecher: Hendrik M\u00fcller Hauptstra\u00dfe 21 36391 Sinntal Mottgers Telefon: 0160-5629667 &nbsp; Abteilungsleiter Fussball: Jannik Kirchner&nbsp; 0151-19345882 &nbsp; Stellvertr. Abteilungsleiter Fussball Benjamin Eiring 0162-4359836 &nbsp; Jugendleiter: Patrick Sch\u00e4fer 0151-26665979 &nbsp; Schriftf\u00fchrer S\u00f6ren Steffentorweihen &nbsp; Emailkontakt Vorstand fcmottgers@gmx.de &nbsp; Telefon im Vereinsheim &hellip; <a href=\"https:\/\/fc-hermania.de\/wp\/?page_id=19\">Continue reading <span class=\"meta-nav\">&rarr;<\/span><\/a><\/p>\n","protected":false},"author":10,"featured_media":0,"parent":0,"menu_order":6,"comment_status":"open","ping_status":"closed","template":"","meta":{"ngg_post_thumbnail":0,"footnotes":"","_links_to":"","_links_to_target":""},"class_list":["post-19","page","type-page","status-publish","hentry"],"aioseo_notices":[],"_links":{"self":[{"href":"https:\/\/fc-hermania.de\/wp\/index.php?rest_route=\/wp\/v2\/pages\/19","targetHints":{"allow":["GET"]}}],"collection":[{"href":"https:\/\/fc-hermania.de\/wp\/index.php?rest_route=\/wp\/v2\/pages"}],"about":[{"href":"https:\/\/fc-hermania.de\/wp\/index.php?rest_route=\/wp\/v2\/types\/page"}],"author":[{"embeddable":true,"href":"https:\/\/fc-hermania.de\/wp\/index.php?rest_route=\/wp\/v2\/users\/10"}],"replies":[{"embeddable":true,"href":"https:\/\/fc-hermania.de\/wp\/index.php?rest_route=%2Fwp%2Fv2%2Fcomments&post=19"}],"version-history":[{"count":32,"href":"https:\/\/fc-hermania.de\/wp\/index.php?rest_route=\/wp\/v2\/pages\/19\/revisions"}],"predecessor-version":[{"id":3910,"href":"https:\/\/fc-hermania.de\/wp\/index.php?rest_route=\/wp\/v2\/pages\/19\/revisions\/3910"}],"wp:attachment":[{"href":"https:\/\/fc-hermania.de\/wp\/index.php?rest_route=%2Fwp%2Fv2%2Fmedia&parent=19"}],"curies":[{"name":"wp","href":"https:\/\/api.w.org\/{rel}","templated":true}]}}