{"id":2,"date":"2011-05-19T11:38:18","date_gmt":"2011-05-19T11:38:18","guid":{"rendered":"http:\/\/fc-hermania.de\/wp\/?page_id=2"},"modified":"2024-10-22T19:05:26","modified_gmt":"2024-10-22T19:05:26","slug":"beispiel-seite","status":"publish","type":"page","link":"https:\/\/fc-hermania.de\/wp\/?page_id=2","title":{"rendered":"Aktuelles"},"content":{"rendered":"<h3 style=\"text-align: center;\"><span style=\"color: #000000;\">04. Oktober 2024<\/span><\/h3>\n<p style=\"text-align: center;\"><span style=\"color: #000000;\">Festkommers zum 70 j\u00e4hrigen bestehen unseres Vereins F.C. Hermania Mottgers 1954 e.V.<\/span><\/p>\n<p style=\"text-align: center;\"><strong><span style=\"color: #000000;\"><a style=\"color: #000000;\" href=\"https:\/\/fc-hermania.de\/wp\/?page_id=3813\">zum ausf\u00fchrlichen Beitrag &#8212;&#8212;&#8212;&#8211;&gt;<\/a><\/span><\/strong><\/p>\n<p><a href=\"https:\/\/fc-hermania.de\/wp\/wp-content\/uploads\/2024\/10\/Kommers_Gif.gif\"><img loading=\"lazy\" decoding=\"async\" class=\"alignnone size-full wp-image-3824\" src=\"https:\/\/fc-hermania.de\/wp\/wp-content\/uploads\/2024\/10\/Kommers_Gif.gif\" alt=\"\" width=\"1297\" height=\"733\"><\/a><\/p>\n<hr>\n<h3 style=\"text-align: center;\"><span style=\"color: #000000;\">14. Oktober 2024<\/span><\/h3>\n<p style=\"text-align: center;\"><a href=\"https:\/\/fc-hermania.de\/wp\/wp-content\/uploads\/2024\/10\/C-Jugend-scaled.jpg\"><img loading=\"lazy\" decoding=\"async\" class=\"alignnone wp-image-3684 aligncenter\" src=\"https:\/\/fc-hermania.de\/wp\/wp-content\/uploads\/2024\/10\/C-Jugend-scaled.jpg\" alt=\"\" width=\"1297\" height=\"733\" srcset=\"https:\/\/fc-hermania.de\/wp\/wp-content\/uploads\/2024\/10\/C-Jugend-scaled.jpg 2560w, https:\/\/fc-hermania.de\/wp\/wp-content\/uploads\/2024\/10\/C-Jugend-300x170.jpg 300w, https:\/\/fc-hermania.de\/wp\/wp-content\/uploads\/2024\/10\/C-Jugend-1024x579.jpg 1024w, https:\/\/fc-hermania.de\/wp\/wp-content\/uploads\/2024\/10\/C-Jugend-768x434.jpg 768w, https:\/\/fc-hermania.de\/wp\/wp-content\/uploads\/2024\/10\/C-Jugend-1536x869.jpg 1536w, https:\/\/fc-hermania.de\/wp\/wp-content\/uploads\/2024\/10\/C-Jugend-2048x1159.jpg 2048w\" sizes=\"auto, (max-width: 1297px) 100vw, 1297px\" \/><\/a><\/p>\n<hr>\n<h3 style=\"text-align: center;\"><span style=\"color: #000000;\">Oktober 2024<\/span><\/h3>\n<h3 style=\"text-align: center;\"><a href=\"https:\/\/fc-hermania.de\/wp\/wp-content\/uploads\/2024\/10\/IMG-20241007-WA0005.jpg\"><img loading=\"lazy\" decoding=\"async\" class=\"alignnone size-full wp-image-3681\" src=\"https:\/\/fc-hermania.de\/wp\/wp-content\/uploads\/2024\/10\/IMG-20241007-WA0005.jpg\" alt=\"\" width=\"600\" height=\"465\"><\/a><\/h3>\n<hr>\n<h3 style=\"text-align: center;\"><span style=\"color: #000000;\">Juli 2024<\/span><\/h3>\n<p style=\"text-align: center;\"><a href=\"https:\/\/fc-hermania.de\/wp\/wp-content\/uploads\/2024\/07\/Defi.jpg\"><img loading=\"lazy\" decoding=\"async\" class=\"alignnone size-full wp-image-3673\" src=\"https:\/\/fc-hermania.de\/wp\/wp-content\/uploads\/2024\/07\/Defi.jpg\" alt=\"\" width=\"2048\" height=\"2048\" srcset=\"https:\/\/fc-hermania.de\/wp\/wp-content\/uploads\/2024\/07\/Defi.jpg 2048w, https:\/\/fc-hermania.de\/wp\/wp-content\/uploads\/2024\/07\/Defi-300x300.jpg 300w, https:\/\/fc-hermania.de\/wp\/wp-content\/uploads\/2024\/07\/Defi-1024x1024.jpg 1024w, https:\/\/fc-hermania.de\/wp\/wp-content\/uploads\/2024\/07\/Defi-150x150.jpg 150w, https:\/\/fc-hermania.de\/wp\/wp-content\/uploads\/2024\/07\/Defi-768x768.jpg 768w, https:\/\/fc-hermania.de\/wp\/wp-content\/uploads\/2024\/07\/Defi-1536x1536.jpg 1536w\" sizes=\"auto, (max-width: 2048px) 100vw, 2048px\" \/><\/a><\/p>\n<p style=\"text-align: center;\"><span style=\"color: #000000;\">Der FC Hermania Mottgers hat im Rahmen der Aktion &#8222;Herzsicher kicken!&#8220; der Gerald Asamoah Stiftung in Kooperation mit dem Hessischen Fu\u00dfballverband einen kostenfreien AED (Automatisierter Externer Defibrillator) \u00fcbergeben bekommen.<\/span><\/p>\n<p style=\"text-align: center;\"><span style=\"color: #000000;\">Um dieses lebensrettende Ger\u00e4t der \u00d6ffentlichkeit besser und einfacher zug\u00e4nglich zu machen, haben Verein und Gemeinde, gemeinsam einen passenden Ort f\u00fcr die Au\u00dfeninstallation gesucht. Schlie\u00dflich wurde sich f\u00fcr eine Platzierung am Dorfgemeinschaftshaus entschieden. Die Gemeinde hat dabei die Kosten f\u00fcr den Aufbewahrungsschrank und die Installationskosten \u00fcbernommen und wird sich zuk\u00fcnftig auch um die Wartung des Ger\u00e4ts k\u00fcmmern.<\/span><\/p>\n<p style=\"text-align: center;\"><span style=\"color: #000000;\">Das Besondere an diesem AED ist, dass damit auch Reanimationen an Kindern durchgef\u00fchrt werden k\u00f6nnen \u2013 eine wertvolle Eigenschaft, die besonders im Bereich der Grundschule und des Sportplatzes von hoher Bedeutung ist.<\/span><\/p>\n<hr>\n<h3 style=\"text-align: center;\"><strong><span style=\"color: #000000;\">22.06.2024 <\/span><\/strong><em><strong><span style=\"color: #000000;\">D-Jugend Turnier in Mottgers<\/span><\/strong><\/em><\/h3>\n<p style=\"text-align: center;\"><a href=\"https:\/\/fc-hermania.de\/wp\/wp-content\/uploads\/2024\/06\/D-Jugend-Turnier-3.gif\"><img loading=\"lazy\" decoding=\"async\" class=\"alignnone size-full wp-image-3661\" src=\"https:\/\/fc-hermania.de\/wp\/wp-content\/uploads\/2024\/06\/D-Jugend-Turnier-3.gif\" alt=\"\" width=\"600\" height=\"456\"><\/a><\/p>\n<p style=\"text-align: center;\">&nbsp;<\/p>\n<p style=\"text-align: center;\"><span style=\"color: #000000;\">Am Samstag den 22.06.2024 veranstaltete unser Sportverein seit langer Zeit endlich wieder ein D-Jugend Turnier.<\/span><\/p>\n<p style=\"text-align: center;\"><span style=\"color: #000000;\">Die teilnehmenden Mannschafften waren; <strong>JSG Kinzigtal D1, JSG Sinntal D2, SV Kassel\/Bieber D2, JFV Bad Soden-Salm\u00fcnster D3, JSG Flieden\/Schweben D2, JSG Obere Nidder\/Birstein D1,<\/strong><\/span><\/p>\n<p style=\"text-align: center;\"><strong><span style=\"color: #000000;\">JSG Kinzigtal D2, SV Kassel Bieber D1, JSG Lautertal D1, JSG Vorderrh\u00f6n D2, JSG Sinntal D1, JSG Sinntal D3.<\/span><\/strong><\/p>\n<p style=\"text-align: center;\"><span style=\"color: #000000;\">Den ersten Platz belegte die Mannschaft SV Kassel\/Bieber D1. Herzlichen Gl\u00fcckwunsch.<\/span><\/p>\n<p style=\"text-align: center;\"><span style=\"color: #000000;\">Bedanken m\u00f6chten wir uns bei den Schiedsrichtern; <strong>Harald Kolb, Peter Weber, Hans-Peter Ulrich und Anton Limpert.<\/strong><\/span><\/p>\n<p style=\"text-align: center;\"><span style=\"color: #000000;\">Ebenfalls Dankesch\u00f6n an den TSV Schwarzenfels f\u00fcr die Unterst\u00fctzung und die Benutzung der Grillbude.<\/span><\/p>\n<p style=\"text-align: center;\"><span style=\"color: #000000;\">und nat\u00fcrlich DANKE an alle weiteren ehrenamtlichen Helfer, ohne die ein solches Turnier nicht stattfinden k\u00f6nnte.<\/span><\/p>\n<hr>\n<h2 style=\"text-align: center;\"><a href=\"https:\/\/forms.office.com\/r\/xkRnhfZiwf\">Hier gehts zur Teilnahme &#8212;&gt;<\/a><\/h2>\n<p style=\"text-align: center;\">&nbsp;<\/p>\n<h2 style=\"text-align: center;\"><a href=\"https:\/\/fc-hermania.de\/wp\/wp-content\/uploads\/2024\/02\/T.pdf\">Teilnahmebedingungen &#8212;&gt;<\/a><\/h2>\n<p style=\"text-align: center;\">&nbsp;<\/p>\n<p style=\"text-align: center;\"><a href=\"https:\/\/forms.office.com\/r\/xkRnhfZiwf\"><img loading=\"lazy\" decoding=\"async\" class=\"alignnone size-full wp-image-3632\" src=\"https:\/\/fc-hermania.de\/wp\/wp-content\/uploads\/2024\/02\/Gewinnspiel_FCHM.png\" alt=\"\" width=\"600\" height=\"456\"><\/a><br \/>\n&nbsp;<\/p>\n<hr>\n<p style=\"text-align: center;\">&nbsp;<\/p>\n<h3 style=\"text-align: center;\"><a href=\"https:\/\/fc-hermania.de\/wp\/wp-content\/uploads\/2024\/03\/Anzeige_Schiedsrichterwerbu.jpg\"><img loading=\"lazy\" decoding=\"async\" class=\"alignnone size-full wp-image-3638\" src=\"https:\/\/fc-hermania.de\/wp\/wp-content\/uploads\/2024\/03\/Anzeige_Schiedsrichterwerbu.jpg\" alt=\"\" width=\"566\" height=\"800\" srcset=\"https:\/\/fc-hermania.de\/wp\/wp-content\/uploads\/2024\/03\/Anzeige_Schiedsrichterwerbu.jpg 566w, https:\/\/fc-hermania.de\/wp\/wp-content\/uploads\/2024\/03\/Anzeige_Schiedsrichterwerbu-212x300.jpg 212w\" sizes=\"auto, (max-width: 566px) 100vw, 566px\" \/><\/a><\/h3>\n<hr>\n<h3 style=\"text-align: center;\">&nbsp;<br \/>\n<strong><span style=\"color: #000000;\">16.12.2023 Weihnachtsfeier<\/span><\/strong><\/h3>\n<p style=\"text-align: center;\">&nbsp;<\/p>\n<p style=\"text-align: center;\"><span style=\"color: #000000;\">Am 16.12.2023 fand die diesj\u00e4hrige Weihnachtsfeier in Verbindung mit dem Helferabend der Kirmes 2023 statt.<\/span><\/p>\n<p style=\"text-align: center;\"><span style=\"color: #000000;\">Eingeladen waren alle Mitglieder, Sponsoren sowie ALLE Helfer der Kirmes.<\/span><\/p>\n<p style=\"text-align: center;\"><span style=\"color: #000000;\">Besonders bedanken m\u00f6chten wir uns beim Partyservice Raimund R\u00f6der aus Sterbfritz, der 2 k\u00f6stliche Grillschinken mit Beilagen gesponsert hat.<\/span><\/p>\n<p style=\"text-align: center;\"><span style=\"color: #000000;\">Desweiteren gab es K\u00f6stlichkeiten vom Landgasthof Wittenzellner aus Schwarzenfels.<\/span><\/p>\n<p style=\"text-align: center;\"><span style=\"color: #000000;\">Wir w\u00fcnschen dar\u00fcber hinaus allen eine besinnliche Weihnachtszeit und einen guten Rutsch ins neue Jahr 2024.<\/span><\/p>\n<p style=\"text-align: center;\">&nbsp;<\/p>\n<p style=\"text-align: center;\"><a href=\"https:\/\/fc-hermania.de\/wp\/wp-content\/uploads\/2023\/12\/Weihnachtsfeier-2023.gif\"><img loading=\"lazy\" decoding=\"async\" class=\"alignnone size-full wp-image-3604\" src=\"https:\/\/fc-hermania.de\/wp\/wp-content\/uploads\/2023\/12\/Weihnachtsfeier-2023.gif\" alt=\"\" width=\"600\" height=\"456\"><\/a><\/p>\n<hr>\n<h3 style=\"text-align: center;\"><span style=\"color: #000000;\">24.10.2023<\/span><\/h3>\n<p style=\"text-align: center;\"><span style=\"color: #000000;\">Am. 24.10.2023 trafen sich die Vorstandskollegen der Fussballvereine aus dem Kreis Schl\u00fcchtern zum Vorstandstreff im Mottgerser DGH.<\/span><\/p>\n<p style=\"text-align: center;\"><span style=\"color: #000000;\">Thema war die <strong>&#8222;Viererkette im Ehrenamt.&#8220;<\/strong><\/span><\/p>\n<p style=\"text-align: center;\"><span style=\"color: #000000;\">Unter der Leitung von Fabian Geyer (HFV) wurde diskutiert und erarbeitet wie man Ehrenamtliche Helfer gewinnen und an seinen Verein Binden kann.<\/span><\/p>\n<p style=\"text-align: center;\">&nbsp;<\/p>\n<p style=\"text-align: center;\"><a href=\"https:\/\/fc-hermania.de\/wp\/wp-content\/uploads\/2023\/10\/f2v81dj5.gif\"><img loading=\"lazy\" decoding=\"async\" class=\"alignnone size-full wp-image-3587\" src=\"https:\/\/fc-hermania.de\/wp\/wp-content\/uploads\/2023\/10\/f2v81dj5.gif\" alt=\"\" width=\"600\" height=\"456\"><\/a><\/p>\n<p style=\"text-align: center;\">&nbsp;<\/p>\n<hr>\n<h3 style=\"text-align: center;\"><span style=\"color: #000000;\">September 2023<\/span><\/h3>\n<h3 style=\"text-align: center;\"><a href=\"https:\/\/fc-hermania.de\/wp\/wp-content\/uploads\/2023\/09\/Kirmes-2023.jpeg\"><img loading=\"lazy\" decoding=\"async\" class=\"alignnone size-full wp-image-3579\" src=\"https:\/\/fc-hermania.de\/wp\/wp-content\/uploads\/2023\/09\/Kirmes-2023.jpeg\" alt=\"\" width=\"600\" height=\"456\"><\/a><\/h3>\n<p style=\"text-align: center;\">&nbsp;<\/p>\n<hr>\n<h3 style=\"text-align: center;\">&nbsp;<\/h3>\n<h3 style=\"text-align: center;\"><span style=\"color: #000000;\">30.06.2023<\/span><\/h3>\n<h3 style=\"text-align: center;\"><a href=\"https:\/\/fc-hermania.de\/wp\/wp-content\/uploads\/2023\/06\/Screenshot_20230630_081251_Fuldaer-Zeitung-002.jpg\"><img loading=\"lazy\" decoding=\"async\" class=\"alignnone size-full wp-image-3563\" src=\"https:\/\/fc-hermania.de\/wp\/wp-content\/uploads\/2023\/06\/Screenshot_20230630_081251_Fuldaer-Zeitung-002.jpg\" alt=\"\" width=\"600\" height=\"456\"><\/a><\/h3>\n<p style=\"text-align: center;\">&nbsp;<\/p>\n<hr>\n<h3 style=\"text-align: center;\">&nbsp;<\/h3>\n<h3 style=\"text-align: center;\"><a href=\"https:\/\/fc-hermania.de\/wp\/wp-content\/uploads\/2023\/06\/Bonus-fuer-Mitglieder-15E-1.png\"><img loading=\"lazy\" decoding=\"async\" class=\"alignnone size-full wp-image-3548\" src=\"https:\/\/fc-hermania.de\/wp\/wp-content\/uploads\/2023\/06\/Bonus-fuer-Mitglieder-15E-1.png\" alt=\"\" width=\"600\" height=\"456\"><\/a><\/h3>\n<p style=\"text-align: center;\">&nbsp;<\/p>\n<h1 style=\"text-align: center;\"><a href=\"https:\/\/fc-hermania.de\/wp\/wp-content\/uploads\/2023\/04\/Mitgliedsantrag.pdf\">Download Mitgliedsantrag<\/a><\/h1>\n<p style=\"text-align: center;\">&nbsp;<\/p>\n<hr>\n<h3 style=\"text-align: center;\">&nbsp;<\/h3>\n<h3 style=\"text-align: center;\"><span style=\"color: #000000;\">14.02.2023<\/span><\/h3>\n<p style=\"text-align: center;\"><a href=\"https:\/\/fc-hermania.de\/wp\/wp-content\/uploads\/2023\/02\/AH.jpg\"><img loading=\"lazy\" decoding=\"async\" class=\"alignnone size-full wp-image-3525\" src=\"https:\/\/fc-hermania.de\/wp\/wp-content\/uploads\/2023\/02\/AH.jpg\" alt=\"\" width=\"600\" height=\"456\"><\/a><\/p>\n<p style=\"text-align: center;\">&nbsp;<\/p>\n<p style=\"text-align: center;\">&nbsp;<\/p>\n<hr>\n<h3 style=\"text-align: center;\">&nbsp;<\/h3>\n<h3 style=\"text-align: center;\"><span style=\"color: #000000;\">15.01.2023<\/span><\/h3>\n<p style=\"text-align: center;\"><span style=\"color: #000000;\">Ab Heute ist unser neuer Online-Shop online.<\/span><\/p>\n<p style=\"text-align: center;\"><span style=\"color: #000000;\">Einfach auf den Link klicken und wie gewohnt shoppen und bestellen.<\/span><\/p>\n<p style=\"text-align: center;\"><span style=\"color: #000000;\">Viel Spass beim st\u00f6bern.<\/span><\/p>\n<p style=\"text-align: center;\">&nbsp;<\/p>\n<p style=\"text-align: center;\"><a href=\"https:\/\/fc-hermania-mottgers.fan12.de\/\">https:\/\/fc-hermania-mottgers.fan12.de\/<\/a><\/p>\n<p style=\"text-align: center;\">&nbsp;<\/p>\n<p style=\"text-align: center;\"><a href=\"https:\/\/fc-hermania-mottgers.fan12.de\/\"><img loading=\"lazy\" decoding=\"async\" class=\"alignnone size-full wp-image-3507\" src=\"https:\/\/fc-hermania.de\/wp\/wp-content\/uploads\/2023\/01\/teaser-marketing-v3.jpg\" alt=\"\" width=\"600\" height=\"456\"><\/a><\/p>\n<p style=\"text-align: center;\">&nbsp;<\/p>\n<hr>\n<p style=\"text-align: center;\">&nbsp;<\/p>\n<h3 style=\"text-align: center;\"><span style=\"color: #000000;\">29.10.2022<\/span><\/h3>\n<p style=\"text-align: center;\"><span style=\"color: #000000;\">Die beiden ortsans\u00e4ssigen Unternehmen beteiligen sich an der Bandenwerbung des Sportplatzes.<\/span><\/p>\n<p style=\"text-align: center;\"><span style=\"color: #000000;\">Sollten auch Sie Interesse an einer Werbepartnerschaft haben, melden Sie sich unter<\/span> <span style=\"color: #0000ff;\">fcmottgers@gmx.de<\/span><\/p>\n<p style=\"text-align: center;\"><a href=\"https:\/\/fc-hermania.de\/wp\/wp-content\/uploads\/2022\/10\/IMG-20221028-WA0021.jpg\"><img loading=\"lazy\" decoding=\"async\" class=\"alignnone wp-image-3463\" src=\"https:\/\/fc-hermania.de\/wp\/wp-content\/uploads\/2022\/10\/IMG-20221028-WA0021.jpg\" alt=\"\" width=\"600\" height=\"456\"><\/a><\/p>\n<p style=\"text-align: center;\"><a href=\"https:\/\/fc-hermania.de\/wp\/wp-content\/uploads\/2022\/10\/IMG-20221028-WA0022.jpg\"><img loading=\"lazy\" decoding=\"async\" class=\"alignnone wp-image-3464\" src=\"https:\/\/fc-hermania.de\/wp\/wp-content\/uploads\/2022\/10\/IMG-20221028-WA0022.jpg\" alt=\"\" width=\"600\" height=\"600\"><\/a><\/p>\n<p style=\"text-align: center;\">&nbsp;<\/p>\n<hr>\n<p style=\"text-align: center;\">&nbsp;<\/p>\n<p style=\"text-align: center;\"><a href=\"https:\/\/fc-hermania.de\/wp\/wp-content\/uploads\/2021\/11\/Bande2000x800mm_neu-scaled.jpeg\"><span style=\"color: #000000;\"><strong><u>Aktuelles zum neuen LED Flutlicht<\/u><\/strong><\/span><\/a><\/p>\n<p style=\"text-align: center;\">&nbsp;<\/p>\n<p style=\"text-align: center;\"><a href=\"https:\/\/fc-hermania.de\/wp\/wp-content\/uploads\/2021\/11\/Bande2000x800mm_neu-scaled.jpeg\"><img loading=\"lazy\" decoding=\"async\" class=\"alignnone wp-image-3170\" src=\"https:\/\/fc-hermania.de\/wp\/wp-content\/uploads\/2021\/11\/Bande2000x800mm_neu-scaled.jpeg\" alt=\"\" width=\"225\" height=\"90\" srcset=\"https:\/\/fc-hermania.de\/wp\/wp-content\/uploads\/2021\/11\/Bande2000x800mm_neu-scaled.jpeg 2560w, https:\/\/fc-hermania.de\/wp\/wp-content\/uploads\/2021\/11\/Bande2000x800mm_neu-300x120.jpeg 300w, https:\/\/fc-hermania.de\/wp\/wp-content\/uploads\/2021\/11\/Bande2000x800mm_neu-1024x410.jpeg 1024w, https:\/\/fc-hermania.de\/wp\/wp-content\/uploads\/2021\/11\/Bande2000x800mm_neu-768x307.jpeg 768w, https:\/\/fc-hermania.de\/wp\/wp-content\/uploads\/2021\/11\/Bande2000x800mm_neu-1536x614.jpeg 1536w, https:\/\/fc-hermania.de\/wp\/wp-content\/uploads\/2021\/11\/Bande2000x800mm_neu-2048x819.jpeg 2048w\" sizes=\"auto, (max-width: 225px) 100vw, 225px\" \/><\/a><a href=\"https:\/\/fc-hermania.de\/wp\/wp-content\/uploads\/2022\/03\/0001-scaled.jpg\"><img loading=\"lazy\" decoding=\"async\" class=\"alignnone wp-image-3317\" src=\"https:\/\/fc-hermania.de\/wp\/wp-content\/uploads\/2022\/03\/0001-scaled.jpg\" alt=\"\" width=\"219\" height=\"309\" srcset=\"https:\/\/fc-hermania.de\/wp\/wp-content\/uploads\/2022\/03\/0001-scaled.jpg 1811w, https:\/\/fc-hermania.de\/wp\/wp-content\/uploads\/2022\/03\/0001-212x300.jpg 212w, https:\/\/fc-hermania.de\/wp\/wp-content\/uploads\/2022\/03\/0001-724x1024.jpg 724w, https:\/\/fc-hermania.de\/wp\/wp-content\/uploads\/2022\/03\/0001-768x1086.jpg 768w, https:\/\/fc-hermania.de\/wp\/wp-content\/uploads\/2022\/03\/0001-1086x1536.jpg 1086w, https:\/\/fc-hermania.de\/wp\/wp-content\/uploads\/2022\/03\/0001-1448x2048.jpg 1448w\" sizes=\"auto, (max-width: 219px) 100vw, 219px\" \/><\/a><a href=\"https:\/\/fc-hermania.de\/wp\/wp-content\/uploads\/2022\/03\/BMU_Fz_2018_Office_Farbe_de.png\"><img loading=\"lazy\" decoding=\"async\" class=\"alignnone wp-image-3311\" src=\"https:\/\/fc-hermania.de\/wp\/wp-content\/uploads\/2022\/03\/BMU_Fz_2018_Office_Farbe_de.png\" alt=\"\" width=\"218\" height=\"193\" srcset=\"https:\/\/fc-hermania.de\/wp\/wp-content\/uploads\/2022\/03\/BMU_Fz_2018_Office_Farbe_de.png 1584w, https:\/\/fc-hermania.de\/wp\/wp-content\/uploads\/2022\/03\/BMU_Fz_2018_Office_Farbe_de-300x265.png 300w, https:\/\/fc-hermania.de\/wp\/wp-content\/uploads\/2022\/03\/BMU_Fz_2018_Office_Farbe_de-1024x905.png 1024w, https:\/\/fc-hermania.de\/wp\/wp-content\/uploads\/2022\/03\/BMU_Fz_2018_Office_Farbe_de-768x679.png 768w, https:\/\/fc-hermania.de\/wp\/wp-content\/uploads\/2022\/03\/BMU_Fz_2018_Office_Farbe_de-1536x1358.png 1536w\" sizes=\"auto, (max-width: 218px) 100vw, 218px\" \/><\/a><\/p>\n<p style=\"text-align: center;\">&nbsp;<\/p>\n<p style=\"text-align: center;\">&nbsp;<\/p>\n<p style=\"text-align: center;\"><a href=\"https:\/\/fc-hermania.de\/wp\/?page_id=3180\">zum ausf\u00fchrlichen Pressebericht&#8230;<\/a><\/p>\n<p style=\"text-align: center;\">&nbsp;<\/p>\n<p style=\"text-align: center;\">&nbsp;<\/p>\n<hr>\n<p style=\"text-align: center;\"><!-- Hier findet Ihr unser <a href=\"http:\/\/fc-hermania.de\/wp\/wp-content\/uploads\/2020\/08\/Hygienekonzept-HFV-FC-Hermania-Mottgers.pdf\" title=\"Hygienekonzept\">Hygienekonzept<\/a><a href=\"http:\/\/fc-hermania.de\/wp\/wp-content\/uploads\/2020\/08\/Hygienekonzept-HFV-FC-Hermania-Mottgers.pdf\" title=\"Hygienekonzept\"><\/a>! --><\/p>\n<p style=\"text-align: center;\"><!-- <font color=#FFFF00><marquee bgcolor=#990099>+++  Kirmes 2021 findet statt!!!  +++<\/marquee><\/font> --><\/p>\n<div id=\"widget1\" style=\"text-align: center;\">&nbsp;<\/div>\n<p><script type=\"text\/javascript\">\n\t\tnew fussballdeWidgetAPI().showWidget('widget1', '02F32AN9T0000000VUM1DNO8VSENS731');\n\t<\/script><\/p>\n","protected":false},"excerpt":{"rendered":"<p>04. Oktober 2024 Festkommers zum 70 j\u00e4hrigen bestehen unseres Vereins F.C. Hermania Mottgers 1954 e.V. zum ausf\u00fchrlichen Beitrag &#8212;&#8212;&#8212;&#8211;&gt; 14. Oktober 2024 Oktober 2024 Juli 2024 Der FC Hermania Mottgers hat im Rahmen der Aktion &#8222;Herzsicher kicken!&#8220; der Gerald Asamoah &hellip; <a href=\"https:\/\/fc-hermania.de\/wp\/?page_id=2\">Continue reading <span class=\"meta-nav\">&rarr;<\/span><\/a><\/p>\n","protected":false},"author":10,"featured_media":0,"parent":0,"menu_order":1,"comment_status":"open","ping_status":"closed","template":"","meta":{"ngg_post_thumbnail":0,"footnotes":"","_links_to":"","_links_to_target":""},"class_list":["post-2","page","type-page","status-publish","hentry"],"aioseo_notices":[],"_links":{"self":[{"href":"https:\/\/fc-hermania.de\/wp\/index.php?rest_route=\/wp\/v2\/pages\/2","targetHints":{"allow":["GET"]}}],"collection":[{"href":"https:\/\/fc-hermania.de\/wp\/index.php?rest_route=\/wp\/v2\/pages"}],"about":[{"href":"https:\/\/fc-hermania.de\/wp\/index.php?rest_route=\/wp\/v2\/types\/page"}],"author":[{"embeddable":true,"href":"https:\/\/fc-hermania.de\/wp\/index.php?rest_route=\/wp\/v2\/users\/10"}],"replies":[{"embeddable":true,"href":"https:\/\/fc-hermania.de\/wp\/index.php?rest_route=%2Fwp%2Fv2%2Fcomments&post=2"}],"version-history":[{"count":486,"href":"https:\/\/fc-hermania.de\/wp\/index.php?rest_route=\/wp\/v2\/pages\/2\/revisions"}],"predecessor-version":[{"id":3856,"href":"https:\/\/fc-hermania.de\/wp\/index.php?rest_route=\/wp\/v2\/pages\/2\/revisions\/3856"}],"wp:attachment":[{"href":"https:\/\/fc-hermania.de\/wp\/index.php?rest_route=%2Fwp%2Fv2%2Fmedia&parent=2"}],"curies":[{"name":"wp","href":"https:\/\/api.w.org\/{rel}","templated":true}]}}