{"id":3005,"date":"2019-12-21T12:02:36","date_gmt":"2019-12-21T12:02:36","guid":{"rendered":"http:\/\/fc-hermania.de\/wp\/?page_id=3005"},"modified":"2019-12-21T12:18:45","modified_gmt":"2019-12-21T12:18:45","slug":"2016-2","status":"publish","type":"page","link":"https:\/\/fc-hermania.de\/wp\/?page_id=3005","title":{"rendered":"AH 2016"},"content":{"rendered":"<p>&nbsp;<br \/>\n<strong>16.07.16<\/strong><br \/>\n&nbsp;<br \/>\n<strong>AH Hesseldorf &#8211; AH Mottgers\/Schwarzenfels  2:2<\/strong><br \/>\n&nbsp;<br \/>\nim Rahmen des <strong>Frank Nagelschmidt Ged\u00e4chtnis Turniers<\/strong> in Spielberg spielten wir gegen die AH Hesseldorf!<br \/>\n&nbsp;<br \/>\nDurch viele, teilweise sehr kurzfristige Absagen h\u00e4tten wir das Spiel fast absagen m\u00fcssen. Dank <strong>Horst Stark<\/strong> der kurzfristig <strong>Tim Jungnickel, Christopher Baier und Dominik Sperzel<\/strong> &#8222;organisierte&#8220; konnten wir doch noch antreten.<br \/>\n&nbsp;<br \/>\nIn der ersten HZ war es ein ausgeglichenes Spiel. Dennoch gingen wir durch Jens Nietgen mit 0:1 in F\u00fchrung.<br \/>\nDurch einen Doppelschlag Mitte der zweiten HZ gerieten wir in R\u00fcckstand. Wiederum durch Jens Nietgen per Elfmeter (Foul an Horst Stark) gelang der umgehende Ausgleich.<br \/>\n&nbsp;<br \/>\nEndstand 2:2<br \/>\n&nbsp;<br \/>\n<strong>11.06.16<\/strong><br \/>\n&nbsp;<br \/>\n<strong>AH-Sinntalpokalturnier\/AH-Kreispokalturnier 2016!<\/strong><br \/>\n&nbsp;<br \/>\nAm 11.06. richteten wir in das AH-Sinntalpokalturnier in Verbindung mit dem AH-Kreispokalturnier in Mottgers aus.<br \/>\n&nbsp;<br \/>\nTrotz guter Leistungen sprang f\u00fcr uns nur der vierte Platz raus.<br \/>\n&nbsp;<br \/>\nWar trotzdem eine gelungene Veranstaltung !!!<br \/>\n&nbsp;<br \/>\n&nbsp;<\/p>\n<table border=\"1\" summary=\"AH Pokal 2016\">\n<tbody>\n<tr>\n<th>ngg_shortcode_0_placeholder<\/th>\n<th>ngg_shortcode_1_placeholder<\/th>\n<\/tr>\n<\/tbody>\n<\/table>\n<table border=\"1\" summary=\"Sinntal 2014\">\n<tbody>\n<tr>\n<th>ngg_shortcode_2_placeholder<\/th>\n<th>ngg_shortcode_3_placeholder<\/th>\n<\/tr>\n<\/tbody>\n<\/table>\n<p>&nbsp;<br \/>\n<strong>Abschlusstabelle:<\/strong><br \/>\n&nbsp;<br \/>\nngg_shortcode_4_placeholder<br \/>\n&nbsp;<br \/>\n<strong>08.04.16<\/strong><br \/>\n&nbsp;<br \/>\n<strong>Neuer Festausschuss!<\/strong><br \/>\n&nbsp;<br \/>\nAm Freitag den 08.04. trafen wir uns zum gemeinsamen H\u00e4hnchenessen auf der Hopfenm\u00fchle.<br \/>\nDabei wurde als neuer Festausschuss f\u00fcr die n\u00e4chsten 2 Jahre Roland M\u00fcller und Ralf Brauer gew\u00e4hlt.<\/p>\n<p>Herzlichen Gl\u00fcckwunsch und viele &#8222;gute Ideen&#8220; f\u00fcr das au\u00dfersportliche Gelingen<br \/>\n&nbsp;<br \/>\n<strong>21.02.16<\/strong><br \/>\n&nbsp;<br \/>\n<strong>AH Hallenmeisterschaften in Grebenhain<\/strong><br \/>\n&nbsp;<br \/>\nTrotz d\u00fcnner Besetzung nahmen wir auch 2016 an den AH Hallenmeisterschaften in Grebenhain teil.<br \/>\n&nbsp;<br \/>\nngg_shortcode_5_placeholder<br \/>\nDie Jungs haben sich richtig gut verkauft! Leider ging verst\u00e4ndlicherweise am Schluss etwas die Puste aus.<br \/>\n&nbsp;<br \/>\nHier die einzelnen Ergebnisse:<br \/>\n&nbsp;<br \/>\nMottgers\/Schwarzenfels &#8211; Kinzig 0:0<br \/>\nNieder-Moos\/Volkartshain\/V\u00f6lzberg &#8211; Mottgers\/Schwarzenfels 2:2<br \/>\nMottgers\/Schwarzenfels &#8211; Ahl 0:2<br \/>\n&nbsp;<br \/>\nSpiel um Platz 7:<br \/>\n&nbsp;<br \/>\nMottgers\/Schwarzenfels &#8211; Grebenhain\/Bermuthshain 2:4<br \/>\n&nbsp;<\/p>\n","protected":false},"excerpt":{"rendered":"<p>&nbsp; 16.07.16 &nbsp; AH Hesseldorf &#8211; AH Mottgers\/Schwarzenfels 2:2 &nbsp; im Rahmen des Frank Nagelschmidt Ged\u00e4chtnis Turniers in Spielberg spielten wir gegen die AH Hesseldorf! &nbsp; Durch viele, teilweise sehr kurzfristige Absagen h\u00e4tten wir das Spiel fast absagen m\u00fcssen. Dank &hellip; <a href=\"https:\/\/fc-hermania.de\/wp\/?page_id=3005\">Continue reading <span class=\"meta-nav\">&rarr;<\/span><\/a><\/p>\n","protected":false},"author":3,"featured_media":0,"parent":108,"menu_order":0,"comment_status":"closed","ping_status":"closed","template":"","meta":{"ngg_post_thumbnail":0,"footnotes":"","_links_to":"","_links_to_target":""},"class_list":["post-3005","page","type-page","status-publish","hentry"],"aioseo_notices":[],"_links":{"self":[{"href":"https:\/\/fc-hermania.de\/wp\/index.php?rest_route=\/wp\/v2\/pages\/3005","targetHints":{"allow":["GET"]}}],"collection":[{"href":"https:\/\/fc-hermania.de\/wp\/index.php?rest_route=\/wp\/v2\/pages"}],"about":[{"href":"https:\/\/fc-hermania.de\/wp\/index.php?rest_route=\/wp\/v2\/types\/page"}],"author":[{"embeddable":true,"href":"https:\/\/fc-hermania.de\/wp\/index.php?rest_route=\/wp\/v2\/users\/3"}],"replies":[{"embeddable":true,"href":"https:\/\/fc-hermania.de\/wp\/index.php?rest_route=%2Fwp%2Fv2%2Fcomments&post=3005"}],"version-history":[{"count":4,"href":"https:\/\/fc-hermania.de\/wp\/index.php?rest_route=\/wp\/v2\/pages\/3005\/revisions"}],"predecessor-version":[{"id":3013,"href":"https:\/\/fc-hermania.de\/wp\/index.php?rest_route=\/wp\/v2\/pages\/3005\/revisions\/3013"}],"up":[{"embeddable":true,"href":"https:\/\/fc-hermania.de\/wp\/index.php?rest_route=\/wp\/v2\/pages\/108"}],"wp:attachment":[{"href":"https:\/\/fc-hermania.de\/wp\/index.php?rest_route=%2Fwp%2Fv2%2Fmedia&parent=3005"}],"curies":[{"name":"wp","href":"https:\/\/api.w.org\/{rel}","templated":true}]}}