{"id":3180,"date":"2021-11-16T14:06:18","date_gmt":"2021-11-16T14:06:18","guid":{"rendered":"https:\/\/fc-hermania.de\/wp\/?page_id=3180"},"modified":"2022-04-06T18:28:12","modified_gmt":"2022-04-06T18:28:12","slug":"test","status":"publish","type":"page","link":"https:\/\/fc-hermania.de\/wp\/?page_id=3180","title":{"rendered":"LED Flutlicht"},"content":{"rendered":"<p>&nbsp;<\/p>\n<div style=\"width: 640px;\" class=\"wp-video\"><video class=\"wp-video-shortcode\" id=\"video-3180-1\" width=\"640\" height=\"352\" autoplay preload=\"metadata\" controls=\"controls\"><source type=\"video\/mp4\" src=\"https:\/\/fc-hermania.de\/wp\/wp-content\/uploads\/2022\/01\/VID-20220101-WA0008.mp4?_=1\" \/><a href=\"https:\/\/fc-hermania.de\/wp\/wp-content\/uploads\/2022\/01\/VID-20220101-WA0008.mp4\">https:\/\/fc-hermania.de\/wp\/wp-content\/uploads\/2022\/01\/VID-20220101-WA0008.mp4<\/a><\/video><\/div>\n<p><strong>&nbsp;<a href=\"https:\/\/fc-hermania.de\/wp\/wp-content\/uploads\/2022\/03\/0001-scaled.jpg\"><img loading=\"lazy\" decoding=\"async\" class=\"alignnone wp-image-3317\" src=\"https:\/\/fc-hermania.de\/wp\/wp-content\/uploads\/2022\/03\/0001-scaled.jpg\" alt=\"\" width=\"240\" height=\"339\" srcset=\"https:\/\/fc-hermania.de\/wp\/wp-content\/uploads\/2022\/03\/0001-scaled.jpg 1811w, https:\/\/fc-hermania.de\/wp\/wp-content\/uploads\/2022\/03\/0001-212x300.jpg 212w, https:\/\/fc-hermania.de\/wp\/wp-content\/uploads\/2022\/03\/0001-724x1024.jpg 724w, https:\/\/fc-hermania.de\/wp\/wp-content\/uploads\/2022\/03\/0001-768x1086.jpg 768w, https:\/\/fc-hermania.de\/wp\/wp-content\/uploads\/2022\/03\/0001-1086x1536.jpg 1086w, https:\/\/fc-hermania.de\/wp\/wp-content\/uploads\/2022\/03\/0001-1448x2048.jpg 1448w\" sizes=\"auto, (max-width: 240px) 100vw, 240px\" \/><\/a><a href=\"https:\/\/fc-hermania.de\/wp\/wp-content\/uploads\/2022\/03\/BMU_Fz_2018_Office_Farbe_de.png\"><img loading=\"lazy\" decoding=\"async\" class=\"alignnone wp-image-3311\" src=\"https:\/\/fc-hermania.de\/wp\/wp-content\/uploads\/2022\/03\/BMU_Fz_2018_Office_Farbe_de.png\" alt=\"\" width=\"380\" height=\"336\" srcset=\"https:\/\/fc-hermania.de\/wp\/wp-content\/uploads\/2022\/03\/BMU_Fz_2018_Office_Farbe_de.png 1584w, https:\/\/fc-hermania.de\/wp\/wp-content\/uploads\/2022\/03\/BMU_Fz_2018_Office_Farbe_de-300x265.png 300w, https:\/\/fc-hermania.de\/wp\/wp-content\/uploads\/2022\/03\/BMU_Fz_2018_Office_Farbe_de-1024x905.png 1024w, https:\/\/fc-hermania.de\/wp\/wp-content\/uploads\/2022\/03\/BMU_Fz_2018_Office_Farbe_de-768x679.png 768w, https:\/\/fc-hermania.de\/wp\/wp-content\/uploads\/2022\/03\/BMU_Fz_2018_Office_Farbe_de-1536x1358.png 1536w\" sizes=\"auto, (max-width: 380px) 100vw, 380px\" \/><\/a><\/strong><\/p>\n<p><span style=\"color: #000000;\"><strong>Pressemitteilung LEDKon der FC Hermania Mottgers<\/strong><\/span><\/p>\n<p>&nbsp;<\/p>\n<p><span style=\"color: #000000;\"><strong>Einleitung<\/strong><\/span><\/p>\n<p><span style=\"color: #000000;\">Besseres Licht beim Fu\u00dfballspielen und zudem enormes Einsparungspotential beim zuk\u00fcnftigen Energieverbrauch. Das sind durchweg positive Perspektiven f\u00fcr den <strong>FC 1954 Hermania Mottgers e.V.<\/strong>, der in den vergangenen Tagen seine Flutlichtanlage auf dem Sportgel\u00e4nde von der hessischen Firma LEDKon umr\u00fcsten lie\u00df und dort jetzt \u00fcber eine moderne, nachhaltige LED-Beleuchtungstechnik verf\u00fcgt. Die Umr\u00fcstung der inzwischen in die Jahre gekommenen Flutlichtanlage wurde in nur wenigen Tagen abgeschlossen und stellt dem Verein auf dem <strong>Trainings- und Spielfeld <\/strong>ein helleres, energiesparendes und dimmbares Licht zur Verf\u00fcgung.<\/span><\/p>\n<p>&nbsp;<\/p>\n<p><span style=\"color: #000000;\"><strong>Entscheidung f\u00fcr LEDKon<\/strong><\/span><\/p>\n<p><span style=\"color: #000000;\">Die Altanlage war mittlerweile in die Jahre gekommen und sowohl der Stromverbrauch als auch die Beschaffung von Leuchtmitteln verursachte hohe Kosten in der Vereinskasse. Daher entschied man sich f\u00fcr eine Umr\u00fcstung auf LED-Licht und den Weg mit der Firma LEDKon mit Sitz in Neu-Anspach gemeinsam zu gehen. Aufmerksam auf die Firma Ledkon wurde man auf einer Pr\u00e4sentationsveranstaltung Anfang 2020 in Steinau an der Stra\u00dfe. Durch die Corona-Pandemie und damit einhergehenden fehlenden Einnahmen durch das zeitweise Ruhen des Spielbetriebes verschob sich die Umr\u00fcstung bis in den November 2021. Der Branchenprimus ist deutschlandweit mit der Umr\u00fcstung von Sportanlagen, aber auch im kompletten Neubau von Flutlichtanlagen, aktiv.<\/span><\/p>\n<p><span style=\"color: #000000;\">So konnte auch das <strong><em>FC Hermania Mottgers <\/em><\/strong>Projekt nach einer weiteren kurzen Planungsphase im Herbst 2021 in der vergangenen Woche durch die finale Umr\u00fcstung abgeschlossen werden. Der <strong><em>FC Hermania Mottgers <\/em><\/strong>verf\u00fcgt jetzt \u00fcber eine&nbsp; hochmoderne Flutlichtanlage und spart gleichzeitig noch eine hohe Summe an Stromkosten, so dass sich die Anschaffungskosten, die von Staat, Land und Landkreis zus\u00e4tzlich gef\u00f6rdert werden, in nur wenigen Jahren amortisieren.<\/span><\/p>\n<p>&nbsp;<\/p>\n<p><span style=\"color: #000000;\"><strong>App-Steuerung\/Einsparung\/Garantie<\/strong><\/span><\/p>\n<p><span style=\"color: #000000;\">Somit ist der FC Hermania Mottgers der dritte Verein im Sinntal des Main-Kinzig-Kreises, der eine solche moderne Flutlichtanlage betreibt, die vor allen Dingen Energie und damit Kosten f\u00fcr den Verein einspart. Die neuen LED-Fluter k\u00f6nnen dank ihres modularen Aufbaus gezielt angesteuert werden. Per Steuerungs-App f\u00fcr mobile Ger\u00e4te, wie beispielsweise Smartphones, k\u00f6nnen die Strahler dann individuell gedimmt werden, wie es f\u00fcr den jeweiligen Zweck notwendig ist. Ob Pflichtspiel oder Training, f\u00fcr jede Anforderung kann somit die passende Einstellung gew\u00e4hlt werden, was sich nochmals positiv auf die Energieeinsparung auswirkt. Dank der enormen Energieeinsparungen amortisieren sich die Anschaffungskosten der Anlage innerhalb weniger Jahre. Au\u00dferdem wird der gesamte Platz weitaus besser ausgeleuchtet als zuvor.<\/span><\/p>\n<p><span style=\"color: #000000;\">Zudem k\u00f6nnen die Fluter einzeln in Betrieb genommen und gesteuert werden.&nbsp; \u201eDie Anlage ist zudem wartungsfrei und hat eine 10j\u00e4hrige Vollgarantie auf die Fluter\u201c, sprachen die beiden Projektleiter Alexander Weigand und Harald Kolb einen weiteren, nicht unerheblichen Vorteil an.<\/span><\/p>\n<p><span style=\"color: #000000;\">Im Vergleich zu herk\u00f6mmlichen Leuchtmitteln, die noch an vielen Flutlichtanlagen zu finden sind, verbrauchen LED-Fluter bis zu 80% weniger an Energie, infolgedessen auch deutlich weniger CO\u00b2. Dieser geringe Energieverbrauch ist zum einen durch den modularen Aufbau der Fluter zu erkl\u00e4ren, welcher das gezielte Ansteuern der einzelnen Flutern erm\u00f6glicht. Somit m\u00fcssen nicht alle Fluter der k\u00fcnftigen 4-Mast-Anlage gleichzeitig betrieben werden, sondern k\u00f6nnen je nach Nutzungsbedarf auch einzeln angesteuert werden. Der gr\u00f6\u00dfte Vorteil aus unserer Sicht ist aber die Geschwindigkeit zum Hochfahren der Strahler. Bei den alten herk\u00f6mmlichen Strahlern konnte dies schon das ein oder andere Mal bis 10 min dauern. Bei den LED-Strahlern ist das Licht per Knopfdruck innerhalb von Bruchteilen einer Sekunde abrufbereit. Ebenso kann es jederzeit ohne Wartezeit wieder eingeschaltet werden.<\/span><\/p>\n<p>&nbsp;<\/p>\n<p><span style=\"color: #000000;\"><strong>Abschluss<\/strong><\/span><\/p>\n<p><span style=\"color: #000000;\">Besonderer Dank gilt der LEDKon GmbH f\u00fcr die tolle Projektorganisation. Von der Unterst\u00fctzung bei der Beantragung der F\u00f6rderantr\u00e4ge, der Lichtplanung und schlie\u00dflich der Beauftragung der bauausf\u00fchrenden Firma, die die Arbeiten fachgerecht und mit gro\u00dfer Sorgfalt und Pr\u00e4zision ausf\u00fchrten, haben wir bei LEDKon alles aus einer Hand bekommen. Wir empfehlen Euch gerne weiter!<\/span><\/p>\n<p><span style=\"color: #000000;\">Die Verantwortlichen des <strong><em>FC Hermania Mottgers <\/em><\/strong>erkl\u00e4ren sich bereit, interessierten Vereinen und Kommunen ihre neue Anlage auf Anfrage zu pr\u00e4sentieren und stehen f\u00fcr R\u00fcckfragen zur Verf\u00fcgung. Ebenso stehen die Mitarbeiter der LEDKon GmbH f\u00fcr Fragen und weitere Informationen zur Verf\u00fcgung.<\/span><\/p>\n<p>&nbsp;<\/p>\n<p>&nbsp;<\/p>\n<hr>\n<p><a href=\"https:\/\/fc-hermania.de\/wp\/wp-content\/uploads\/2022\/01\/Flutlicht.gif\"><img loading=\"lazy\" decoding=\"async\" class=\"alignnone wp-image-3300\" src=\"https:\/\/fc-hermania.de\/wp\/wp-content\/uploads\/2022\/01\/Flutlicht.gif\" alt=\"\" width=\"645\" height=\"362\"><\/a><\/p>\n<p>&nbsp;<\/p>\n","protected":false},"excerpt":{"rendered":"<p>&nbsp; &nbsp; Pressemitteilung LEDKon der FC Hermania Mottgers &nbsp; Einleitung Besseres Licht beim Fu\u00dfballspielen und zudem enormes Einsparungspotential beim zuk\u00fcnftigen Energieverbrauch. Das sind durchweg positive Perspektiven f\u00fcr den FC 1954 Hermania Mottgers e.V., der in den vergangenen Tagen seine Flutlichtanlage &hellip; <a href=\"https:\/\/fc-hermania.de\/wp\/?page_id=3180\">Continue reading <span class=\"meta-nav\">&rarr;<\/span><\/a><\/p>\n","protected":false},"author":12,"featured_media":0,"parent":9,"menu_order":0,"comment_status":"closed","ping_status":"closed","template":"","meta":{"ngg_post_thumbnail":0,"footnotes":"","_links_to":"","_links_to_target":""},"class_list":["post-3180","page","type-page","status-publish","hentry"],"aioseo_notices":[],"_links":{"self":[{"href":"https:\/\/fc-hermania.de\/wp\/index.php?rest_route=\/wp\/v2\/pages\/3180","targetHints":{"allow":["GET"]}}],"collection":[{"href":"https:\/\/fc-hermania.de\/wp\/index.php?rest_route=\/wp\/v2\/pages"}],"about":[{"href":"https:\/\/fc-hermania.de\/wp\/index.php?rest_route=\/wp\/v2\/types\/page"}],"author":[{"embeddable":true,"href":"https:\/\/fc-hermania.de\/wp\/index.php?rest_route=\/wp\/v2\/users\/12"}],"replies":[{"embeddable":true,"href":"https:\/\/fc-hermania.de\/wp\/index.php?rest_route=%2Fwp%2Fv2%2Fcomments&post=3180"}],"version-history":[{"count":40,"href":"https:\/\/fc-hermania.de\/wp\/index.php?rest_route=\/wp\/v2\/pages\/3180\/revisions"}],"predecessor-version":[{"id":3357,"href":"https:\/\/fc-hermania.de\/wp\/index.php?rest_route=\/wp\/v2\/pages\/3180\/revisions\/3357"}],"up":[{"embeddable":true,"href":"https:\/\/fc-hermania.de\/wp\/index.php?rest_route=\/wp\/v2\/pages\/9"}],"wp:attachment":[{"href":"https:\/\/fc-hermania.de\/wp\/index.php?rest_route=%2Fwp%2Fv2%2Fmedia&parent=3180"}],"curies":[{"name":"wp","href":"https:\/\/api.w.org\/{rel}","templated":true}]}}