{"id":3813,"date":"2024-10-22T05:54:20","date_gmt":"2024-10-22T05:54:20","guid":{"rendered":"https:\/\/fc-hermania.de\/wp\/?page_id=3813"},"modified":"2024-10-22T19:00:31","modified_gmt":"2024-10-22T19:00:31","slug":"festkommers","status":"publish","type":"page","link":"https:\/\/fc-hermania.de\/wp\/?page_id=3813","title":{"rendered":"Festkommers"},"content":{"rendered":"<h3 style=\"text-align: center;\">Festkommers zum 70. Jubil\u00e4um des FC Hermannia Mottgers<\/h3>\n<p style=\"text-align: center;\">Am 04. Oktober 2024 feierte der FC Hermannia Mottgers 1954 e.V. ein ganz besonderes Ereignis: den 70. Geburtstag des Vereins. Dieser Festkommers war nicht nur eine Feier aus sportlicher Sicht, sondern auch eine Hommage an die Gemeinschaft und die unz\u00e4hligen Erinnerungen, die \u00fcber die Jahrzehnte hinweg gesammelt wurden.<\/p>\n<h4 style=\"text-align: center;\">Ein R\u00fcckblick auf 70 Jahre Vereinsgeschichte<\/h4>\n<p style=\"text-align: center;\">Der FC Hermannia Mottgers wurde 1954 gegr\u00fcndet und hat sich seitdem zu einem festen Bestandteil von Mottgers entwickelt. Mit einer Vielzahl von Mannschaften, die von den J\u00fcngsten bis zu den Erwachsenen reichen, hat der Verein immer wieder gezeigt, dass er nicht nur Talente f\u00f6rdert, sondern auch eine wichtige soziale Rolle in der Gemeinde spielt.<\/p>\n<p style=\"text-align: center;\">In den vergangenen 70 Jahren hat der Verein zahlreiche Erfolge gefeiert, darunter Meisterschaften und Pokalsiege auf Kreis Ebene. Diese Erfolge wurden immer von einer leidenschaftlichen Fangemeinde begleitet, die den Verein in guten wie in schlechten Zeiten unterst\u00fctzt hat.<\/p>\n<h4 style=\"text-align: center;\">Festakt und Ehrungen<\/h4>\n<p style=\"text-align: center;\">Der Festkommers begann mit einer feierlichen Er\u00f6ffnung, bei der der Vorstandssprecher des Vereins Hendrik M\u00fcller sowie die Ehreng\u00e4ste das Wort ergriffen. In ihren Reden wurde die Bedeutung des Vereins f\u00fcr die Region hervorgehoben und die Werte, die den FC Hermannia Mottgers pr\u00e4gen, betont: Teamgeist, Zusammenhalt und Fairness.<\/p>\n<p style=\"text-align: center;\">Besonders hervorzuheben war die Ehrung langj\u00e4hriger Mitglieder und engagierter Ehrenamtlicher, die ma\u00dfgeblich zum Erfolg des Vereins beigetragen haben. Diese Anerkennung w\u00fcrdigte die unerm\u00fcdliche Arbeit und die Leidenschaft, die viele Menschen in die Gemeinschaft investiert haben.<\/p>\n<h4 style=\"text-align: center;\">Fazit<\/h4>\n<p style=\"text-align: center;\">Der Festkommers zum 70-j\u00e4hrigen Bestehen des FC Hermannia Mottgers war ein voller Erfolg. Er zeigte nicht nur die sportlichen Erfolge des Vereins, sondern auch die starke Gemeinschaft, die ihn tr\u00e4gt. Die Feier war ein wunderbares Beispiel daf\u00fcr, wie Sport Menschen verbindet und einen wichtigen Teil des gesellschaftlichen Lebens ausmacht. Auf die n\u00e4chsten 70 Jahre!<\/p>\n<p>&nbsp;<\/p>\n<p>&nbsp;<\/p>\n<p><a href=\"https:\/\/fc-hermania.de\/wp\/wp-content\/uploads\/2024\/10\/WhatsApp-Image-2024-10-22-at-20.52.34.jpeg\"><img loading=\"lazy\" decoding=\"async\" class=\"alignnone size-full wp-image-3853\" src=\"https:\/\/fc-hermania.de\/wp\/wp-content\/uploads\/2024\/10\/WhatsApp-Image-2024-10-22-at-20.52.34.jpeg\" alt=\"\" width=\"1600\" height=\"1066\" srcset=\"https:\/\/fc-hermania.de\/wp\/wp-content\/uploads\/2024\/10\/WhatsApp-Image-2024-10-22-at-20.52.34.jpeg 1600w, https:\/\/fc-hermania.de\/wp\/wp-content\/uploads\/2024\/10\/WhatsApp-Image-2024-10-22-at-20.52.34-300x200.jpeg 300w, https:\/\/fc-hermania.de\/wp\/wp-content\/uploads\/2024\/10\/WhatsApp-Image-2024-10-22-at-20.52.34-1024x682.jpeg 1024w, https:\/\/fc-hermania.de\/wp\/wp-content\/uploads\/2024\/10\/WhatsApp-Image-2024-10-22-at-20.52.34-768x512.jpeg 768w, https:\/\/fc-hermania.de\/wp\/wp-content\/uploads\/2024\/10\/WhatsApp-Image-2024-10-22-at-20.52.34-1536x1023.jpeg 1536w\" sizes=\"auto, (max-width: 1600px) 100vw, 1600px\" \/><\/a> <a href=\"https:\/\/fc-hermania.de\/wp\/wp-content\/uploads\/2024\/10\/WhatsApp-Image-2024-10-22-at-20.52.34-1.jpeg\"><img loading=\"lazy\" decoding=\"async\" class=\"alignnone size-full wp-image-3852\" src=\"https:\/\/fc-hermania.de\/wp\/wp-content\/uploads\/2024\/10\/WhatsApp-Image-2024-10-22-at-20.52.34-1.jpeg\" alt=\"\" width=\"1600\" height=\"1066\" srcset=\"https:\/\/fc-hermania.de\/wp\/wp-content\/uploads\/2024\/10\/WhatsApp-Image-2024-10-22-at-20.52.34-1.jpeg 1600w, https:\/\/fc-hermania.de\/wp\/wp-content\/uploads\/2024\/10\/WhatsApp-Image-2024-10-22-at-20.52.34-1-300x200.jpeg 300w, https:\/\/fc-hermania.de\/wp\/wp-content\/uploads\/2024\/10\/WhatsApp-Image-2024-10-22-at-20.52.34-1-1024x682.jpeg 1024w, https:\/\/fc-hermania.de\/wp\/wp-content\/uploads\/2024\/10\/WhatsApp-Image-2024-10-22-at-20.52.34-1-768x512.jpeg 768w, https:\/\/fc-hermania.de\/wp\/wp-content\/uploads\/2024\/10\/WhatsApp-Image-2024-10-22-at-20.52.34-1-1536x1023.jpeg 1536w\" sizes=\"auto, (max-width: 1600px) 100vw, 1600px\" \/><\/a> <a href=\"https:\/\/fc-hermania.de\/wp\/wp-content\/uploads\/2024\/10\/WhatsApp-Image-2024-10-22-at-20.52.34-8.jpeg\"><img loading=\"lazy\" decoding=\"async\" class=\"alignnone size-full wp-image-3851\" src=\"https:\/\/fc-hermania.de\/wp\/wp-content\/uploads\/2024\/10\/WhatsApp-Image-2024-10-22-at-20.52.34-8.jpeg\" alt=\"\" width=\"1600\" height=\"1066\" srcset=\"https:\/\/fc-hermania.de\/wp\/wp-content\/uploads\/2024\/10\/WhatsApp-Image-2024-10-22-at-20.52.34-8.jpeg 1600w, https:\/\/fc-hermania.de\/wp\/wp-content\/uploads\/2024\/10\/WhatsApp-Image-2024-10-22-at-20.52.34-8-300x200.jpeg 300w, https:\/\/fc-hermania.de\/wp\/wp-content\/uploads\/2024\/10\/WhatsApp-Image-2024-10-22-at-20.52.34-8-1024x682.jpeg 1024w, https:\/\/fc-hermania.de\/wp\/wp-content\/uploads\/2024\/10\/WhatsApp-Image-2024-10-22-at-20.52.34-8-768x512.jpeg 768w, https:\/\/fc-hermania.de\/wp\/wp-content\/uploads\/2024\/10\/WhatsApp-Image-2024-10-22-at-20.52.34-8-1536x1023.jpeg 1536w\" sizes=\"auto, (max-width: 1600px) 100vw, 1600px\" \/><\/a> <a href=\"https:\/\/fc-hermania.de\/wp\/wp-content\/uploads\/2024\/10\/WhatsApp-Image-2024-10-22-at-20.52.34-9.jpeg\"><img loading=\"lazy\" decoding=\"async\" class=\"alignnone size-full wp-image-3850\" src=\"https:\/\/fc-hermania.de\/wp\/wp-content\/uploads\/2024\/10\/WhatsApp-Image-2024-10-22-at-20.52.34-9.jpeg\" alt=\"\" width=\"1600\" height=\"1066\" srcset=\"https:\/\/fc-hermania.de\/wp\/wp-content\/uploads\/2024\/10\/WhatsApp-Image-2024-10-22-at-20.52.34-9.jpeg 1600w, https:\/\/fc-hermania.de\/wp\/wp-content\/uploads\/2024\/10\/WhatsApp-Image-2024-10-22-at-20.52.34-9-300x200.jpeg 300w, https:\/\/fc-hermania.de\/wp\/wp-content\/uploads\/2024\/10\/WhatsApp-Image-2024-10-22-at-20.52.34-9-1024x682.jpeg 1024w, https:\/\/fc-hermania.de\/wp\/wp-content\/uploads\/2024\/10\/WhatsApp-Image-2024-10-22-at-20.52.34-9-768x512.jpeg 768w, https:\/\/fc-hermania.de\/wp\/wp-content\/uploads\/2024\/10\/WhatsApp-Image-2024-10-22-at-20.52.34-9-1536x1023.jpeg 1536w\" sizes=\"auto, (max-width: 1600px) 100vw, 1600px\" \/><\/a> <a href=\"https:\/\/fc-hermania.de\/wp\/wp-content\/uploads\/2024\/10\/WhatsApp-Image-2024-10-22-at-20.52.34-10.jpeg\"><img loading=\"lazy\" decoding=\"async\" class=\"alignnone size-full wp-image-3849\" src=\"https:\/\/fc-hermania.de\/wp\/wp-content\/uploads\/2024\/10\/WhatsApp-Image-2024-10-22-at-20.52.34-10.jpeg\" alt=\"\" width=\"1600\" height=\"1066\" srcset=\"https:\/\/fc-hermania.de\/wp\/wp-content\/uploads\/2024\/10\/WhatsApp-Image-2024-10-22-at-20.52.34-10.jpeg 1600w, https:\/\/fc-hermania.de\/wp\/wp-content\/uploads\/2024\/10\/WhatsApp-Image-2024-10-22-at-20.52.34-10-300x200.jpeg 300w, https:\/\/fc-hermania.de\/wp\/wp-content\/uploads\/2024\/10\/WhatsApp-Image-2024-10-22-at-20.52.34-10-1024x682.jpeg 1024w, https:\/\/fc-hermania.de\/wp\/wp-content\/uploads\/2024\/10\/WhatsApp-Image-2024-10-22-at-20.52.34-10-768x512.jpeg 768w, https:\/\/fc-hermania.de\/wp\/wp-content\/uploads\/2024\/10\/WhatsApp-Image-2024-10-22-at-20.52.34-10-1536x1023.jpeg 1536w\" sizes=\"auto, (max-width: 1600px) 100vw, 1600px\" \/><\/a> <a href=\"https:\/\/fc-hermania.de\/wp\/wp-content\/uploads\/2024\/10\/WhatsApp-Image-2024-10-22-at-20.52.34-11.jpeg\"><img loading=\"lazy\" decoding=\"async\" class=\"alignnone size-full wp-image-3848\" src=\"https:\/\/fc-hermania.de\/wp\/wp-content\/uploads\/2024\/10\/WhatsApp-Image-2024-10-22-at-20.52.34-11.jpeg\" alt=\"\" width=\"1600\" height=\"1066\" srcset=\"https:\/\/fc-hermania.de\/wp\/wp-content\/uploads\/2024\/10\/WhatsApp-Image-2024-10-22-at-20.52.34-11.jpeg 1600w, https:\/\/fc-hermania.de\/wp\/wp-content\/uploads\/2024\/10\/WhatsApp-Image-2024-10-22-at-20.52.34-11-300x200.jpeg 300w, https:\/\/fc-hermania.de\/wp\/wp-content\/uploads\/2024\/10\/WhatsApp-Image-2024-10-22-at-20.52.34-11-1024x682.jpeg 1024w, https:\/\/fc-hermania.de\/wp\/wp-content\/uploads\/2024\/10\/WhatsApp-Image-2024-10-22-at-20.52.34-11-768x512.jpeg 768w, https:\/\/fc-hermania.de\/wp\/wp-content\/uploads\/2024\/10\/WhatsApp-Image-2024-10-22-at-20.52.34-11-1536x1023.jpeg 1536w\" sizes=\"auto, (max-width: 1600px) 100vw, 1600px\" \/><\/a> <a href=\"https:\/\/fc-hermania.de\/wp\/wp-content\/uploads\/2024\/10\/WhatsApp-Image-2024-10-22-at-20.52.34-12.jpeg\"><img loading=\"lazy\" decoding=\"async\" class=\"alignnone size-full wp-image-3847\" src=\"https:\/\/fc-hermania.de\/wp\/wp-content\/uploads\/2024\/10\/WhatsApp-Image-2024-10-22-at-20.52.34-12.jpeg\" alt=\"\" width=\"1600\" height=\"1066\" srcset=\"https:\/\/fc-hermania.de\/wp\/wp-content\/uploads\/2024\/10\/WhatsApp-Image-2024-10-22-at-20.52.34-12.jpeg 1600w, https:\/\/fc-hermania.de\/wp\/wp-content\/uploads\/2024\/10\/WhatsApp-Image-2024-10-22-at-20.52.34-12-300x200.jpeg 300w, https:\/\/fc-hermania.de\/wp\/wp-content\/uploads\/2024\/10\/WhatsApp-Image-2024-10-22-at-20.52.34-12-1024x682.jpeg 1024w, https:\/\/fc-hermania.de\/wp\/wp-content\/uploads\/2024\/10\/WhatsApp-Image-2024-10-22-at-20.52.34-12-768x512.jpeg 768w, https:\/\/fc-hermania.de\/wp\/wp-content\/uploads\/2024\/10\/WhatsApp-Image-2024-10-22-at-20.52.34-12-1536x1023.jpeg 1536w\" sizes=\"auto, (max-width: 1600px) 100vw, 1600px\" \/><\/a> <a href=\"https:\/\/fc-hermania.de\/wp\/wp-content\/uploads\/2024\/10\/WhatsApp-Image-2024-10-22-at-20.52.34-13.jpeg\"><img loading=\"lazy\" decoding=\"async\" class=\"alignnone size-full wp-image-3846\" src=\"https:\/\/fc-hermania.de\/wp\/wp-content\/uploads\/2024\/10\/WhatsApp-Image-2024-10-22-at-20.52.34-13.jpeg\" alt=\"\" width=\"1600\" height=\"1066\" srcset=\"https:\/\/fc-hermania.de\/wp\/wp-content\/uploads\/2024\/10\/WhatsApp-Image-2024-10-22-at-20.52.34-13.jpeg 1600w, https:\/\/fc-hermania.de\/wp\/wp-content\/uploads\/2024\/10\/WhatsApp-Image-2024-10-22-at-20.52.34-13-300x200.jpeg 300w, https:\/\/fc-hermania.de\/wp\/wp-content\/uploads\/2024\/10\/WhatsApp-Image-2024-10-22-at-20.52.34-13-1024x682.jpeg 1024w, https:\/\/fc-hermania.de\/wp\/wp-content\/uploads\/2024\/10\/WhatsApp-Image-2024-10-22-at-20.52.34-13-768x512.jpeg 768w, https:\/\/fc-hermania.de\/wp\/wp-content\/uploads\/2024\/10\/WhatsApp-Image-2024-10-22-at-20.52.34-13-1536x1023.jpeg 1536w\" sizes=\"auto, (max-width: 1600px) 100vw, 1600px\" \/><\/a> <a href=\"https:\/\/fc-hermania.de\/wp\/wp-content\/uploads\/2024\/10\/WhatsApp-Image-2024-10-22-at-20.52.34-14.jpeg\"><img loading=\"lazy\" decoding=\"async\" class=\"alignnone size-full wp-image-3845\" src=\"https:\/\/fc-hermania.de\/wp\/wp-content\/uploads\/2024\/10\/WhatsApp-Image-2024-10-22-at-20.52.34-14.jpeg\" alt=\"\" width=\"1600\" height=\"1066\" srcset=\"https:\/\/fc-hermania.de\/wp\/wp-content\/uploads\/2024\/10\/WhatsApp-Image-2024-10-22-at-20.52.34-14.jpeg 1600w, https:\/\/fc-hermania.de\/wp\/wp-content\/uploads\/2024\/10\/WhatsApp-Image-2024-10-22-at-20.52.34-14-300x200.jpeg 300w, https:\/\/fc-hermania.de\/wp\/wp-content\/uploads\/2024\/10\/WhatsApp-Image-2024-10-22-at-20.52.34-14-1024x682.jpeg 1024w, https:\/\/fc-hermania.de\/wp\/wp-content\/uploads\/2024\/10\/WhatsApp-Image-2024-10-22-at-20.52.34-14-768x512.jpeg 768w, https:\/\/fc-hermania.de\/wp\/wp-content\/uploads\/2024\/10\/WhatsApp-Image-2024-10-22-at-20.52.34-14-1536x1023.jpeg 1536w\" sizes=\"auto, (max-width: 1600px) 100vw, 1600px\" \/><\/a> <a href=\"https:\/\/fc-hermania.de\/wp\/wp-content\/uploads\/2024\/10\/WhatsApp-Image-2024-10-22-at-20.52.34-2-rotated.jpeg\"><img loading=\"lazy\" decoding=\"async\" class=\"alignnone size-full wp-image-3844\" src=\"https:\/\/fc-hermania.de\/wp\/wp-content\/uploads\/2024\/10\/WhatsApp-Image-2024-10-22-at-20.52.34-2-rotated.jpeg\" alt=\"\" width=\"1066\" height=\"1600\" srcset=\"https:\/\/fc-hermania.de\/wp\/wp-content\/uploads\/2024\/10\/WhatsApp-Image-2024-10-22-at-20.52.34-2-rotated.jpeg 1066w, https:\/\/fc-hermania.de\/wp\/wp-content\/uploads\/2024\/10\/WhatsApp-Image-2024-10-22-at-20.52.34-2-200x300.jpeg 200w, https:\/\/fc-hermania.de\/wp\/wp-content\/uploads\/2024\/10\/WhatsApp-Image-2024-10-22-at-20.52.34-2-682x1024.jpeg 682w, https:\/\/fc-hermania.de\/wp\/wp-content\/uploads\/2024\/10\/WhatsApp-Image-2024-10-22-at-20.52.34-2-768x1153.jpeg 768w, https:\/\/fc-hermania.de\/wp\/wp-content\/uploads\/2024\/10\/WhatsApp-Image-2024-10-22-at-20.52.34-2-1023x1536.jpeg 1023w\" sizes=\"auto, (max-width: 1066px) 100vw, 1066px\" \/><\/a> <a href=\"https:\/\/fc-hermania.de\/wp\/wp-content\/uploads\/2024\/10\/WhatsApp-Image-2024-10-22-at-20.52.34-7-rotated.jpeg\"><img loading=\"lazy\" decoding=\"async\" class=\"alignnone size-full wp-image-3843\" src=\"https:\/\/fc-hermania.de\/wp\/wp-content\/uploads\/2024\/10\/WhatsApp-Image-2024-10-22-at-20.52.34-7-rotated.jpeg\" alt=\"\" width=\"1066\" height=\"1600\" srcset=\"https:\/\/fc-hermania.de\/wp\/wp-content\/uploads\/2024\/10\/WhatsApp-Image-2024-10-22-at-20.52.34-7-rotated.jpeg 1066w, https:\/\/fc-hermania.de\/wp\/wp-content\/uploads\/2024\/10\/WhatsApp-Image-2024-10-22-at-20.52.34-7-200x300.jpeg 200w, https:\/\/fc-hermania.de\/wp\/wp-content\/uploads\/2024\/10\/WhatsApp-Image-2024-10-22-at-20.52.34-7-682x1024.jpeg 682w, https:\/\/fc-hermania.de\/wp\/wp-content\/uploads\/2024\/10\/WhatsApp-Image-2024-10-22-at-20.52.34-7-768x1153.jpeg 768w, https:\/\/fc-hermania.de\/wp\/wp-content\/uploads\/2024\/10\/WhatsApp-Image-2024-10-22-at-20.52.34-7-1023x1536.jpeg 1023w\" sizes=\"auto, (max-width: 1066px) 100vw, 1066px\" \/><\/a> <a href=\"https:\/\/fc-hermania.de\/wp\/wp-content\/uploads\/2024\/10\/WhatsApp-Image-2024-10-22-at-20.52.34-15-rotated.jpeg\"><img loading=\"lazy\" decoding=\"async\" class=\"alignnone size-full wp-image-3842\" src=\"https:\/\/fc-hermania.de\/wp\/wp-content\/uploads\/2024\/10\/WhatsApp-Image-2024-10-22-at-20.52.34-15-rotated.jpeg\" alt=\"\" width=\"1066\" height=\"1600\" srcset=\"https:\/\/fc-hermania.de\/wp\/wp-content\/uploads\/2024\/10\/WhatsApp-Image-2024-10-22-at-20.52.34-15-rotated.jpeg 1066w, https:\/\/fc-hermania.de\/wp\/wp-content\/uploads\/2024\/10\/WhatsApp-Image-2024-10-22-at-20.52.34-15-200x300.jpeg 200w, https:\/\/fc-hermania.de\/wp\/wp-content\/uploads\/2024\/10\/WhatsApp-Image-2024-10-22-at-20.52.34-15-682x1024.jpeg 682w, https:\/\/fc-hermania.de\/wp\/wp-content\/uploads\/2024\/10\/WhatsApp-Image-2024-10-22-at-20.52.34-15-768x1153.jpeg 768w, https:\/\/fc-hermania.de\/wp\/wp-content\/uploads\/2024\/10\/WhatsApp-Image-2024-10-22-at-20.52.34-15-1023x1536.jpeg 1023w\" sizes=\"auto, (max-width: 1066px) 100vw, 1066px\" \/><\/a> <a href=\"https:\/\/fc-hermania.de\/wp\/wp-content\/uploads\/2024\/10\/WhatsApp-Image-2024-10-22-at-20.52.34-16-rotated.jpeg\"><img loading=\"lazy\" decoding=\"async\" class=\"alignnone size-full wp-image-3841\" src=\"https:\/\/fc-hermania.de\/wp\/wp-content\/uploads\/2024\/10\/WhatsApp-Image-2024-10-22-at-20.52.34-16-rotated.jpeg\" alt=\"\" width=\"1066\" height=\"1600\" srcset=\"https:\/\/fc-hermania.de\/wp\/wp-content\/uploads\/2024\/10\/WhatsApp-Image-2024-10-22-at-20.52.34-16-rotated.jpeg 1066w, https:\/\/fc-hermania.de\/wp\/wp-content\/uploads\/2024\/10\/WhatsApp-Image-2024-10-22-at-20.52.34-16-200x300.jpeg 200w, https:\/\/fc-hermania.de\/wp\/wp-content\/uploads\/2024\/10\/WhatsApp-Image-2024-10-22-at-20.52.34-16-682x1024.jpeg 682w, https:\/\/fc-hermania.de\/wp\/wp-content\/uploads\/2024\/10\/WhatsApp-Image-2024-10-22-at-20.52.34-16-768x1153.jpeg 768w, https:\/\/fc-hermania.de\/wp\/wp-content\/uploads\/2024\/10\/WhatsApp-Image-2024-10-22-at-20.52.34-16-1023x1536.jpeg 1023w\" sizes=\"auto, (max-width: 1066px) 100vw, 1066px\" \/><\/a> <a href=\"https:\/\/fc-hermania.de\/wp\/wp-content\/uploads\/2024\/10\/WhatsApp-Image-2024-10-22-at-20.52.34-3-rotated.jpeg\"><img loading=\"lazy\" decoding=\"async\" class=\"alignnone size-full wp-image-3840\" src=\"https:\/\/fc-hermania.de\/wp\/wp-content\/uploads\/2024\/10\/WhatsApp-Image-2024-10-22-at-20.52.34-3-rotated.jpeg\" alt=\"\" width=\"1066\" height=\"1600\" srcset=\"https:\/\/fc-hermania.de\/wp\/wp-content\/uploads\/2024\/10\/WhatsApp-Image-2024-10-22-at-20.52.34-3-rotated.jpeg 1066w, https:\/\/fc-hermania.de\/wp\/wp-content\/uploads\/2024\/10\/WhatsApp-Image-2024-10-22-at-20.52.34-3-200x300.jpeg 200w, https:\/\/fc-hermania.de\/wp\/wp-content\/uploads\/2024\/10\/WhatsApp-Image-2024-10-22-at-20.52.34-3-682x1024.jpeg 682w, https:\/\/fc-hermania.de\/wp\/wp-content\/uploads\/2024\/10\/WhatsApp-Image-2024-10-22-at-20.52.34-3-768x1153.jpeg 768w, https:\/\/fc-hermania.de\/wp\/wp-content\/uploads\/2024\/10\/WhatsApp-Image-2024-10-22-at-20.52.34-3-1023x1536.jpeg 1023w\" sizes=\"auto, (max-width: 1066px) 100vw, 1066px\" \/><\/a> <a href=\"https:\/\/fc-hermania.de\/wp\/wp-content\/uploads\/2024\/10\/WhatsApp-Image-2024-10-22-at-20.52.34-6-rotated.jpeg\"><img loading=\"lazy\" decoding=\"async\" class=\"alignnone size-full wp-image-3839\" src=\"https:\/\/fc-hermania.de\/wp\/wp-content\/uploads\/2024\/10\/WhatsApp-Image-2024-10-22-at-20.52.34-6-rotated.jpeg\" alt=\"\" width=\"1066\" height=\"1600\" srcset=\"https:\/\/fc-hermania.de\/wp\/wp-content\/uploads\/2024\/10\/WhatsApp-Image-2024-10-22-at-20.52.34-6-rotated.jpeg 1066w, https:\/\/fc-hermania.de\/wp\/wp-content\/uploads\/2024\/10\/WhatsApp-Image-2024-10-22-at-20.52.34-6-200x300.jpeg 200w, https:\/\/fc-hermania.de\/wp\/wp-content\/uploads\/2024\/10\/WhatsApp-Image-2024-10-22-at-20.52.34-6-682x1024.jpeg 682w, https:\/\/fc-hermania.de\/wp\/wp-content\/uploads\/2024\/10\/WhatsApp-Image-2024-10-22-at-20.52.34-6-768x1153.jpeg 768w, https:\/\/fc-hermania.de\/wp\/wp-content\/uploads\/2024\/10\/WhatsApp-Image-2024-10-22-at-20.52.34-6-1023x1536.jpeg 1023w\" sizes=\"auto, (max-width: 1066px) 100vw, 1066px\" \/><\/a> <a href=\"https:\/\/fc-hermania.de\/wp\/wp-content\/uploads\/2024\/10\/WhatsApp-Image-2024-10-22-at-20.52.34-4-rotated.jpeg\"><img loading=\"lazy\" decoding=\"async\" class=\"alignnone size-full wp-image-3838\" src=\"https:\/\/fc-hermania.de\/wp\/wp-content\/uploads\/2024\/10\/WhatsApp-Image-2024-10-22-at-20.52.34-4-rotated.jpeg\" alt=\"\" width=\"1066\" height=\"1600\" srcset=\"https:\/\/fc-hermania.de\/wp\/wp-content\/uploads\/2024\/10\/WhatsApp-Image-2024-10-22-at-20.52.34-4-rotated.jpeg 1066w, https:\/\/fc-hermania.de\/wp\/wp-content\/uploads\/2024\/10\/WhatsApp-Image-2024-10-22-at-20.52.34-4-200x300.jpeg 200w, https:\/\/fc-hermania.de\/wp\/wp-content\/uploads\/2024\/10\/WhatsApp-Image-2024-10-22-at-20.52.34-4-682x1024.jpeg 682w, https:\/\/fc-hermania.de\/wp\/wp-content\/uploads\/2024\/10\/WhatsApp-Image-2024-10-22-at-20.52.34-4-768x1153.jpeg 768w, https:\/\/fc-hermania.de\/wp\/wp-content\/uploads\/2024\/10\/WhatsApp-Image-2024-10-22-at-20.52.34-4-1023x1536.jpeg 1023w\" sizes=\"auto, (max-width: 1066px) 100vw, 1066px\" \/><\/a> <a href=\"https:\/\/fc-hermania.de\/wp\/wp-content\/uploads\/2024\/10\/WhatsApp-Image-2024-10-22-at-20.52.34-5-rotated.jpeg\"><img loading=\"lazy\" decoding=\"async\" class=\"alignnone size-full wp-image-3837\" src=\"https:\/\/fc-hermania.de\/wp\/wp-content\/uploads\/2024\/10\/WhatsApp-Image-2024-10-22-at-20.52.34-5-rotated.jpeg\" alt=\"\" width=\"1066\" height=\"1600\" srcset=\"https:\/\/fc-hermania.de\/wp\/wp-content\/uploads\/2024\/10\/WhatsApp-Image-2024-10-22-at-20.52.34-5-rotated.jpeg 1066w, https:\/\/fc-hermania.de\/wp\/wp-content\/uploads\/2024\/10\/WhatsApp-Image-2024-10-22-at-20.52.34-5-200x300.jpeg 200w, https:\/\/fc-hermania.de\/wp\/wp-content\/uploads\/2024\/10\/WhatsApp-Image-2024-10-22-at-20.52.34-5-682x1024.jpeg 682w, https:\/\/fc-hermania.de\/wp\/wp-content\/uploads\/2024\/10\/WhatsApp-Image-2024-10-22-at-20.52.34-5-768x1153.jpeg 768w, https:\/\/fc-hermania.de\/wp\/wp-content\/uploads\/2024\/10\/WhatsApp-Image-2024-10-22-at-20.52.34-5-1023x1536.jpeg 1023w\" sizes=\"auto, (max-width: 1066px) 100vw, 1066px\" \/><\/a>&nbsp;<\/p>\n","protected":false},"excerpt":{"rendered":"<p>Festkommers zum 70. Jubil\u00e4um des FC Hermannia Mottgers Am 04. Oktober 2024 feierte der FC Hermannia Mottgers 1954 e.V. ein ganz besonderes Ereignis: den 70. Geburtstag des Vereins. Dieser Festkommers war nicht nur eine Feier aus sportlicher Sicht, sondern auch &hellip; <a href=\"https:\/\/fc-hermania.de\/wp\/?page_id=3813\">Continue reading <span class=\"meta-nav\">&rarr;<\/span><\/a><\/p>\n","protected":false},"author":12,"featured_media":0,"parent":9,"menu_order":0,"comment_status":"closed","ping_status":"closed","template":"","meta":{"ngg_post_thumbnail":0,"footnotes":"","_links_to":"","_links_to_target":""},"class_list":["post-3813","page","type-page","status-publish","hentry"],"aioseo_notices":[],"_links":{"self":[{"href":"https:\/\/fc-hermania.de\/wp\/index.php?rest_route=\/wp\/v2\/pages\/3813","targetHints":{"allow":["GET"]}}],"collection":[{"href":"https:\/\/fc-hermania.de\/wp\/index.php?rest_route=\/wp\/v2\/pages"}],"about":[{"href":"https:\/\/fc-hermania.de\/wp\/index.php?rest_route=\/wp\/v2\/types\/page"}],"author":[{"embeddable":true,"href":"https:\/\/fc-hermania.de\/wp\/index.php?rest_route=\/wp\/v2\/users\/12"}],"replies":[{"embeddable":true,"href":"https:\/\/fc-hermania.de\/wp\/index.php?rest_route=%2Fwp%2Fv2%2Fcomments&post=3813"}],"version-history":[{"count":9,"href":"https:\/\/fc-hermania.de\/wp\/index.php?rest_route=\/wp\/v2\/pages\/3813\/revisions"}],"predecessor-version":[{"id":3855,"href":"https:\/\/fc-hermania.de\/wp\/index.php?rest_route=\/wp\/v2\/pages\/3813\/revisions\/3855"}],"up":[{"embeddable":true,"href":"https:\/\/fc-hermania.de\/wp\/index.php?rest_route=\/wp\/v2\/pages\/9"}],"wp:attachment":[{"href":"https:\/\/fc-hermania.de\/wp\/index.php?rest_route=%2Fwp%2Fv2%2Fmedia&parent=3813"}],"curies":[{"name":"wp","href":"https:\/\/api.w.org\/{rel}","templated":true}]}}