{"id":9,"date":"2011-05-20T17:27:09","date_gmt":"2011-05-20T17:27:09","guid":{"rendered":"http:\/\/fc-hermania.de\/wp\/?page_id=9"},"modified":"2018-05-25T08:48:06","modified_gmt":"2018-05-25T08:48:06","slug":"verein","status":"publish","type":"page","link":"https:\/\/fc-hermania.de\/wp\/?page_id=9","title":{"rendered":"Verein"},"content":{"rendered":"<p>Der Verein FC Hermania Mottgers wurde am 06.01.1954 von 30 Fu\u00dfballanh\u00e4ngern gegr\u00fcndet. In diesem Jahr wurde Deutschland Weltmeister. Ein gutes Omen wurde mit in die Wiege gelegt. Der Gr\u00fcndungsakt wurde seinerzeit im Konfirmandenraum des Pfarrhauses durchgef\u00fchrt, da Pfarrer Lohse zu den Hauptinitiatoren z\u00e4hlte.<\/p>\n<p>&nbsp;<\/p>\n<p>Ab der ersten Stunde wurde an den Nachwuchs gedacht und eine Jugendmannschaft aufgebaut. Der erste gr\u00f6\u00dfere Erfolg konnte in der Saison 61\/62 gefeiert werden. Der FC wurde Meister der B-Klasse Schl\u00fcchtern. Nach 4 Jahren in der A-Klasse, stieg man ab, holte aber sofort wieder den Meistertitel in der B-Klasse. Das Entscheidungsspiel um den Aufstieg wurde gegen Ahl verloren und der Spielbetrieb f\u00fcr ganze 5 Jahre ausgesetzt (Frust). 1972 wurde der Spielbetrieb dann auf dem neuen Sportplatz wieder aufgenommen und 74 sogar ein Sportheim gebaut. Bis in die 80er Jahre spielte man B und C-Klasse.<\/p>\n<p>&nbsp;<\/p>\n<p>1991 dann ein H\u00f6hepunkt in der Vereinsgeschichte: Der Aufstieg in die Bezirksliga Fulda S\u00fcd wurde geschafft. Durch eine hervorragende Kameradschaft und nicht durch finanzielle Mittel, konnte man sich 2 Jahre in dieser Klasse halten, was bemerkenswert ist.<\/p>\n<p>&nbsp;<\/p>\n<p>Seit dem 15.01.1991 besteht eine Damengymnastikgruppe. Eine Alte Herren Mannschaft und die verschiedenen Jugendmannschaften sind die weiteren aktiven Pfade des FC Mottgers.<\/p>\n<p>&nbsp;<\/p>\n<p>Nicht zuletzt dank guter Jugendarbeit ist es nun in 2011 wieder gelungen die Meisterschaft der Kreisliga B zu gewinnen und der damit verbundene Aufstieg in die Kreislige A wurde mit einer jungen Mannschaft geschafft.<\/p>\n<p>&nbsp;<\/p>\n","protected":false},"excerpt":{"rendered":"<p>Der Verein FC Hermania Mottgers wurde am 06.01.1954 von 30 Fu\u00dfballanh\u00e4ngern gegr\u00fcndet. In diesem Jahr wurde Deutschland Weltmeister. Ein gutes Omen wurde mit in die Wiege gelegt. Der Gr\u00fcndungsakt wurde seinerzeit im Konfirmandenraum des Pfarrhauses durchgef\u00fchrt, da Pfarrer Lohse zu &hellip; <a href=\"https:\/\/fc-hermania.de\/wp\/?page_id=9\">Continue reading <span class=\"meta-nav\">&rarr;<\/span><\/a><\/p>\n","protected":false},"author":10,"featured_media":0,"parent":0,"menu_order":4,"comment_status":"open","ping_status":"closed","template":"","meta":{"ngg_post_thumbnail":0,"footnotes":"","_links_to":"","_links_to_target":""},"class_list":["post-9","page","type-page","status-publish","hentry"],"aioseo_notices":[],"_links":{"self":[{"href":"https:\/\/fc-hermania.de\/wp\/index.php?rest_route=\/wp\/v2\/pages\/9","targetHints":{"allow":["GET"]}}],"collection":[{"href":"https:\/\/fc-hermania.de\/wp\/index.php?rest_route=\/wp\/v2\/pages"}],"about":[{"href":"https:\/\/fc-hermania.de\/wp\/index.php?rest_route=\/wp\/v2\/types\/page"}],"author":[{"embeddable":true,"href":"https:\/\/fc-hermania.de\/wp\/index.php?rest_route=\/wp\/v2\/users\/10"}],"replies":[{"embeddable":true,"href":"https:\/\/fc-hermania.de\/wp\/index.php?rest_route=%2Fwp%2Fv2%2Fcomments&post=9"}],"version-history":[{"count":5,"href":"https:\/\/fc-hermania.de\/wp\/index.php?rest_route=\/wp\/v2\/pages\/9\/revisions"}],"predecessor-version":[{"id":2878,"href":"https:\/\/fc-hermania.de\/wp\/index.php?rest_route=\/wp\/v2\/pages\/9\/revisions\/2878"}],"wp:attachment":[{"href":"https:\/\/fc-hermania.de\/wp\/index.php?rest_route=%2Fwp%2Fv2%2Fmedia&parent=9"}],"curies":[{"name":"wp","href":"https:\/\/api.w.org\/{rel}","templated":true}]}}